{"id":265,"date":"2024-02-11T20:45:41","date_gmt":"2024-02-11T20:45:41","guid":{"rendered":"http:\/\/cygnusmind.com\/backup\/?page_id=265"},"modified":"2024-03-03T15:38:09","modified_gmt":"2024-03-03T15:38:09","slug":"jats-xml-pdf","status":"publish","type":"page","link":"http:\/\/cygnusmind.com\/backup\/jats-xml-pdf\/","title":{"rendered":"JATS XML &#8211; PDF"},"content":{"rendered":"\t\t<div data-elementor-type=\"wp-page\" data-elementor-id=\"265\" class=\"elementor elementor-265\">\n\t\t\t\t<div class=\"elementor-element elementor-element-9854a8d e-flex e-con-boxed e-con e-parent\" data-id=\"9854a8d\" data-element_type=\"container\" data-e-type=\"container\" data-settings=\"{&quot;background_background&quot;:&quot;classic&quot;}\">\n\t\t\t\t\t<div class=\"e-con-inner\">\n\t\t\t\t<div class=\"elementor-element elementor-element-6137130 elementor-widget elementor-widget-image\" data-id=\"6137130\" data-element_type=\"widget\" data-e-type=\"widget\" data-widget_type=\"image.default\">\n\t\t\t\t<div class=\"elementor-widget-container\">\n\t\t\t\t\t\t\t\t\t\t\t\t\t\t\t<img decoding=\"async\" width=\"117\" height=\"181\" src=\"http:\/\/cygnusmind.com\/backup\/wp-content\/uploads\/2024\/02\/Cygnusmind-small24-2.png\" class=\"attachment-large size-large wp-image-346\" alt=\"\" \/>\t\t\t\t\t\t\t\t\t\t\t\t\t\t\t<\/div>\n\t\t\t\t<\/div>\n\t\t\t\t<div class=\"elementor-element elementor-element-1a295a3e elementor-widget elementor-widget-heading\" data-id=\"1a295a3e\" data-element_type=\"widget\" data-e-type=\"widget\" data-widget_type=\"heading.default\">\n\t\t\t\t<div class=\"elementor-widget-container\">\n\t\t\t\t\t<h1 class=\"elementor-heading-title elementor-size-default\">PDF<\/h1>\t\t\t\t<\/div>\n\t\t\t\t<\/div>\n\t\t\t\t<div class=\"elementor-element elementor-element-72bafd57 elementor-widget elementor-widget-heading\" data-id=\"72bafd57\" data-element_type=\"widget\" data-e-type=\"widget\" data-widget_type=\"heading.default\">\n\t\t\t\t<div class=\"elementor-widget-container\">\n\t\t\t\t\t<h5 class=\"elementor-heading-title elementor-size-default\">El formato digital portable por tradici\u00f3n \u200b<\/h5>\t\t\t\t<\/div>\n\t\t\t\t<\/div>\n\t\t\t\t\t<\/div>\n\t\t\t\t<\/div>\n\t\t<div class=\"elementor-element elementor-element-4d79c4e e-flex e-con-boxed e-con e-parent\" data-id=\"4d79c4e\" data-element_type=\"container\" data-e-type=\"container\">\n\t\t\t\t\t<div class=\"e-con-inner\">\n\t\t\t\t<div class=\"elementor-element elementor-element-b74178f elementor-widget elementor-widget-text-editor\" data-id=\"b74178f\" data-element_type=\"widget\" data-e-type=\"widget\" data-widget_type=\"text-editor.default\">\n\t\t\t\t<div class=\"elementor-widget-container\">\n\t\t\t\t\t\t\t\t\t<p><span data-scheme-color=\"@000000,1,\" data-usefontface=\"true\" data-contrast=\"none\">En <\/span><span data-scheme-color=\"@000000,1,\" data-usefontface=\"true\" data-contrast=\"none\">Cygnusmind<\/span><span data-scheme-color=\"@000000,1,\" data-usefontface=\"true\" data-contrast=\"none\"> hemos dise\u00f1ado una variedad de modelos de art\u00edculo cient\u00edfico en PDF que favorecen la lectura, accesibilidad y <\/span><span data-scheme-color=\"@000000,1,\" data-usefontface=\"true\" data-contrast=\"none\">portabilidad de las publicaciones. Se trata de un PDF generado en forma automatizada a partir del XML. De esta manera se <\/span><span data-scheme-color=\"@000000,1,\" data-usefontface=\"true\" data-contrast=\"none\">reducen los costos de maquetaci\u00f3n. Aunque tambi\u00e9n puedes optar por el maquetado manual tradicional.<\/span>\u200b<\/p><p><span data-usefontface=\"false\" data-contrast=\"none\">Tambi\u00e9n ofrecemos un dise\u00f1o personalizado de PDF, contacta con nosotros para desarrollar una soluci\u00f3n a tu medida.<\/span>\u200b<\/p>\t\t\t\t\t\t\t\t<\/div>\n\t\t\t\t<\/div>\n\t\t\t\t\t<\/div>\n\t\t\t\t<\/div>\n\t\t<div class=\"elementor-element elementor-element-97f0dbe e-flex e-con-boxed elementor-invisible e-con e-parent\" data-id=\"97f0dbe\" data-element_type=\"container\" data-e-type=\"container\" data-settings=\"{&quot;background_background&quot;:&quot;classic&quot;,&quot;animation&quot;:&quot;fadeInUp&quot;}\">\n\t\t\t\t\t<div class=\"e-con-inner\">\n\t\t<div class=\"elementor-element elementor-element-aecc4f8 e-flex e-con-boxed e-con e-child\" data-id=\"aecc4f8\" data-element_type=\"container\" data-e-type=\"container\">\n\t\t\t\t\t<div class=\"e-con-inner\">\n\t\t<div class=\"elementor-element elementor-element-941f674 e-flex e-con-boxed e-con e-child\" data-id=\"941f674\" data-element_type=\"container\" data-e-type=\"container\">\n\t\t\t\t\t<div class=\"e-con-inner\">\n\t\t<div class=\"elementor-element elementor-element-c8337c0 e-flex e-con-boxed e-con e-child\" data-id=\"c8337c0\" data-element_type=\"container\" data-e-type=\"container\">\n\t\t\t\t\t<div class=\"e-con-inner\">\n\t\t\t\t<div class=\"elementor-element elementor-element-d864a6f elementor-widget elementor-widget-image\" data-id=\"d864a6f\" data-element_type=\"widget\" data-e-type=\"widget\" data-widget_type=\"image.default\">\n\t\t\t\t<div class=\"elementor-widget-container\">\n\t\t\t\t\t\t\t\t\t\t\t\t\t\t\t<img decoding=\"async\" width=\"150\" height=\"150\" src=\"http:\/\/cygnusmind.com\/backup\/wp-content\/uploads\/2024\/02\/Cygnusmind-smallcygnusmind-icon-general-150x150.png\" class=\"attachment-thumbnail size-thumbnail wp-image-356\" alt=\"\" srcset=\"http:\/\/cygnusmind.com\/backup\/wp-content\/uploads\/2024\/02\/Cygnusmind-smallcygnusmind-icon-general-150x150.png 150w, http:\/\/cygnusmind.com\/backup\/wp-content\/uploads\/2024\/02\/Cygnusmind-smallcygnusmind-icon-general.png 172w\" sizes=\"(max-width: 150px) 100vw, 150px\" \/>\t\t\t\t\t\t\t\t\t\t\t\t\t\t\t<\/div>\n\t\t\t\t<\/div>\n\t\t\t\t<div class=\"elementor-element elementor-element-d60a3f1 elementor-widget elementor-widget-heading\" data-id=\"d60a3f1\" data-element_type=\"widget\" data-e-type=\"widget\" data-widget_type=\"heading.default\">\n\t\t\t\t<div class=\"elementor-widget-container\">\n\t\t\t\t\t<h2 class=\"elementor-heading-title elementor-size-default\">Se genera a partir del XML del art\u00edculo.\u200b<\/h2>\t\t\t\t<\/div>\n\t\t\t\t<\/div>\n\t\t\t\t\t<\/div>\n\t\t\t\t<\/div>\n\t\t<div class=\"elementor-element elementor-element-0581702 e-flex e-con-boxed e-con e-child\" data-id=\"0581702\" data-element_type=\"container\" data-e-type=\"container\">\n\t\t\t\t\t<div class=\"e-con-inner\">\n\t\t\t\t<div class=\"elementor-element elementor-element-b053f82 elementor-widget elementor-widget-image\" data-id=\"b053f82\" data-element_type=\"widget\" data-e-type=\"widget\" data-widget_type=\"image.default\">\n\t\t\t\t<div class=\"elementor-widget-container\">\n\t\t\t\t\t\t\t\t\t\t\t\t\t\t\t<img decoding=\"async\" width=\"150\" height=\"150\" src=\"http:\/\/cygnusmind.com\/backup\/wp-content\/uploads\/2024\/02\/Cygnusmind-smallcygnusmind-icon-general-150x150.png\" class=\"attachment-thumbnail size-thumbnail wp-image-356\" alt=\"\" srcset=\"http:\/\/cygnusmind.com\/backup\/wp-content\/uploads\/2024\/02\/Cygnusmind-smallcygnusmind-icon-general-150x150.png 150w, http:\/\/cygnusmind.com\/backup\/wp-content\/uploads\/2024\/02\/Cygnusmind-smallcygnusmind-icon-general.png 172w\" sizes=\"(max-width: 150px) 100vw, 150px\" \/>\t\t\t\t\t\t\t\t\t\t\t\t\t\t\t<\/div>\n\t\t\t\t<\/div>\n\t\t\t\t<div class=\"elementor-element elementor-element-fca3a9d elementor-widget elementor-widget-heading\" data-id=\"fca3a9d\" data-element_type=\"widget\" data-e-type=\"widget\" data-widget_type=\"heading.default\">\n\t\t\t\t<div class=\"elementor-widget-container\">\n\t\t\t\t\t<h2 class=\"elementor-heading-title elementor-size-default\">Compatible para carga directa en OJS.\u200b<\/h2>\t\t\t\t<\/div>\n\t\t\t\t<\/div>\n\t\t\t\t\t<\/div>\n\t\t\t\t<\/div>\n\t\t<div class=\"elementor-element elementor-element-fffe061 e-flex e-con-boxed e-con e-child\" data-id=\"fffe061\" data-element_type=\"container\" data-e-type=\"container\">\n\t\t\t\t\t<div class=\"e-con-inner\">\n\t\t\t\t<div class=\"elementor-element elementor-element-de0cee2 elementor-widget elementor-widget-image\" data-id=\"de0cee2\" data-element_type=\"widget\" data-e-type=\"widget\" data-widget_type=\"image.default\">\n\t\t\t\t<div class=\"elementor-widget-container\">\n\t\t\t\t\t\t\t\t\t\t\t\t\t\t\t<img decoding=\"async\" width=\"150\" height=\"150\" src=\"http:\/\/cygnusmind.com\/backup\/wp-content\/uploads\/2024\/02\/Cygnusmind-smallcygnusmind-icon-general-150x150.png\" class=\"attachment-thumbnail size-thumbnail wp-image-356\" alt=\"\" srcset=\"http:\/\/cygnusmind.com\/backup\/wp-content\/uploads\/2024\/02\/Cygnusmind-smallcygnusmind-icon-general-150x150.png 150w, http:\/\/cygnusmind.com\/backup\/wp-content\/uploads\/2024\/02\/Cygnusmind-smallcygnusmind-icon-general.png 172w\" sizes=\"(max-width: 150px) 100vw, 150px\" \/>\t\t\t\t\t\t\t\t\t\t\t\t\t\t\t<\/div>\n\t\t\t\t<\/div>\n\t\t\t\t<div class=\"elementor-element elementor-element-010369d elementor-widget elementor-widget-heading\" data-id=\"010369d\" data-element_type=\"widget\" data-e-type=\"widget\" data-widget_type=\"heading.default\">\n\t\t\t\t<div class=\"elementor-widget-container\">\n\t\t\t\t\t<h2 class=\"elementor-heading-title elementor-size-default\">Diferentes modelos de maquetaci\u00f3n.\u200b<\/h2>\t\t\t\t<\/div>\n\t\t\t\t<\/div>\n\t\t\t\t\t<\/div>\n\t\t\t\t<\/div>\n\t\t\t\t\t<\/div>\n\t\t\t\t<\/div>\n\t\t<div class=\"elementor-element elementor-element-f3dfc65 e-flex e-con-boxed e-con e-child\" data-id=\"f3dfc65\" data-element_type=\"container\" data-e-type=\"container\">\n\t\t\t\t\t<div class=\"e-con-inner\">\n\t\t<div class=\"elementor-element elementor-element-dec1745 e-flex e-con-boxed e-con e-child\" data-id=\"dec1745\" data-element_type=\"container\" data-e-type=\"container\">\n\t\t\t\t\t<div class=\"e-con-inner\">\n\t\t\t\t<div class=\"elementor-element elementor-element-06262f8 elementor-widget elementor-widget-image\" data-id=\"06262f8\" data-element_type=\"widget\" data-e-type=\"widget\" data-widget_type=\"image.default\">\n\t\t\t\t<div class=\"elementor-widget-container\">\n\t\t\t\t\t\t\t\t\t\t\t\t\t\t\t<img decoding=\"async\" width=\"150\" height=\"150\" src=\"http:\/\/cygnusmind.com\/backup\/wp-content\/uploads\/2024\/02\/Cygnusmind-smallcygnusmind-icon-general-150x150.png\" class=\"attachment-thumbnail size-thumbnail wp-image-356\" alt=\"\" srcset=\"http:\/\/cygnusmind.com\/backup\/wp-content\/uploads\/2024\/02\/Cygnusmind-smallcygnusmind-icon-general-150x150.png 150w, http:\/\/cygnusmind.com\/backup\/wp-content\/uploads\/2024\/02\/Cygnusmind-smallcygnusmind-icon-general.png 172w\" sizes=\"(max-width: 150px) 100vw, 150px\" \/>\t\t\t\t\t\t\t\t\t\t\t\t\t\t\t<\/div>\n\t\t\t\t<\/div>\n\t\t\t\t<div class=\"elementor-element elementor-element-17b5ba0 elementor-widget elementor-widget-heading\" data-id=\"17b5ba0\" data-element_type=\"widget\" data-e-type=\"widget\" data-widget_type=\"heading.default\">\n\t\t\t\t<div class=\"elementor-widget-container\">\n\t\t\t\t\t<h2 class=\"elementor-heading-title elementor-size-default\">Metadatos incorporados para una mejor cosecha por motores de b\u00fasqueda\u200b<\/h2>\t\t\t\t<\/div>\n\t\t\t\t<\/div>\n\t\t\t\t\t<\/div>\n\t\t\t\t<\/div>\n\t\t<div class=\"elementor-element elementor-element-44ca343 e-flex e-con-boxed e-con e-child\" data-id=\"44ca343\" data-element_type=\"container\" data-e-type=\"container\">\n\t\t\t\t\t<div class=\"e-con-inner\">\n\t\t\t\t<div class=\"elementor-element elementor-element-ed379c5 elementor-widget elementor-widget-image\" data-id=\"ed379c5\" data-element_type=\"widget\" data-e-type=\"widget\" data-widget_type=\"image.default\">\n\t\t\t\t<div class=\"elementor-widget-container\">\n\t\t\t\t\t\t\t\t\t\t\t\t\t\t\t<img decoding=\"async\" width=\"150\" height=\"150\" src=\"http:\/\/cygnusmind.com\/backup\/wp-content\/uploads\/2024\/02\/Cygnusmind-smallcygnusmind-icon-general-150x150.png\" class=\"attachment-thumbnail size-thumbnail wp-image-356\" alt=\"\" srcset=\"http:\/\/cygnusmind.com\/backup\/wp-content\/uploads\/2024\/02\/Cygnusmind-smallcygnusmind-icon-general-150x150.png 150w, http:\/\/cygnusmind.com\/backup\/wp-content\/uploads\/2024\/02\/Cygnusmind-smallcygnusmind-icon-general.png 172w\" sizes=\"(max-width: 150px) 100vw, 150px\" \/>\t\t\t\t\t\t\t\t\t\t\t\t\t\t\t<\/div>\n\t\t\t\t<\/div>\n\t\t\t\t<div class=\"elementor-element elementor-element-aaf06e8 elementor-widget elementor-widget-heading\" data-id=\"aaf06e8\" data-element_type=\"widget\" data-e-type=\"widget\" data-widget_type=\"heading.default\">\n\t\t\t\t<div class=\"elementor-widget-container\">\n\t\t\t\t\t<h2 class=\"elementor-heading-title elementor-size-default\">Extensible a un dise\u00f1o personalizado.\u200b<\/h2>\t\t\t\t<\/div>\n\t\t\t\t<\/div>\n\t\t\t\t\t<\/div>\n\t\t\t\t<\/div>\n\t\t<div class=\"elementor-element elementor-element-ad61567 e-flex e-con-boxed e-con e-child\" data-id=\"ad61567\" data-element_type=\"container\" data-e-type=\"container\">\n\t\t\t\t\t<div class=\"e-con-inner\">\n\t\t\t\t<div class=\"elementor-element elementor-element-e6fb0a5 elementor-widget elementor-widget-image\" data-id=\"e6fb0a5\" data-element_type=\"widget\" data-e-type=\"widget\" data-widget_type=\"image.default\">\n\t\t\t\t<div class=\"elementor-widget-container\">\n\t\t\t\t\t\t\t\t\t\t\t\t\t\t\t<img decoding=\"async\" width=\"150\" height=\"150\" src=\"http:\/\/cygnusmind.com\/backup\/wp-content\/uploads\/2024\/02\/Cygnusmind-smallcygnusmind-icon-general-150x150.png\" class=\"attachment-thumbnail size-thumbnail wp-image-356\" alt=\"\" srcset=\"http:\/\/cygnusmind.com\/backup\/wp-content\/uploads\/2024\/02\/Cygnusmind-smallcygnusmind-icon-general-150x150.png 150w, http:\/\/cygnusmind.com\/backup\/wp-content\/uploads\/2024\/02\/Cygnusmind-smallcygnusmind-icon-general.png 172w\" sizes=\"(max-width: 150px) 100vw, 150px\" \/>\t\t\t\t\t\t\t\t\t\t\t\t\t\t\t<\/div>\n\t\t\t\t<\/div>\n\t\t\t\t<div class=\"elementor-element elementor-element-a971dcb elementor-widget elementor-widget-heading\" data-id=\"a971dcb\" data-element_type=\"widget\" data-e-type=\"widget\" data-widget_type=\"heading.default\">\n\t\t\t\t<div class=\"elementor-widget-container\">\n\t\t\t\t\t<h2 class=\"elementor-heading-title elementor-size-default\">Marcadores de tabla de contenido.\u200b<\/h2>\t\t\t\t<\/div>\n\t\t\t\t<\/div>\n\t\t\t\t\t<\/div>\n\t\t\t\t<\/div>\n\t\t\t\t\t<\/div>\n\t\t\t\t<\/div>\n\t\t<div class=\"elementor-element elementor-element-4913df3 e-flex e-con-boxed e-con e-child\" data-id=\"4913df3\" data-element_type=\"container\" data-e-type=\"container\">\n\t\t\t\t\t<div class=\"e-con-inner\">\n\t\t<div class=\"elementor-element elementor-element-0518bf2 e-flex e-con-boxed e-con e-child\" data-id=\"0518bf2\" data-element_type=\"container\" data-e-type=\"container\">\n\t\t\t\t\t<div class=\"e-con-inner\">\n\t\t\t\t<div class=\"elementor-element elementor-element-936e3f3 elementor-widget elementor-widget-image\" data-id=\"936e3f3\" data-element_type=\"widget\" data-e-type=\"widget\" data-widget_type=\"image.default\">\n\t\t\t\t<div class=\"elementor-widget-container\">\n\t\t\t\t\t\t\t\t\t\t\t\t\t\t\t<img decoding=\"async\" width=\"150\" height=\"150\" src=\"http:\/\/cygnusmind.com\/backup\/wp-content\/uploads\/2024\/02\/Cygnusmind-smallcygnusmind-icon-general-150x150.png\" class=\"attachment-thumbnail size-thumbnail wp-image-356\" alt=\"\" srcset=\"http:\/\/cygnusmind.com\/backup\/wp-content\/uploads\/2024\/02\/Cygnusmind-smallcygnusmind-icon-general-150x150.png 150w, http:\/\/cygnusmind.com\/backup\/wp-content\/uploads\/2024\/02\/Cygnusmind-smallcygnusmind-icon-general.png 172w\" sizes=\"(max-width: 150px) 100vw, 150px\" \/>\t\t\t\t\t\t\t\t\t\t\t\t\t\t\t<\/div>\n\t\t\t\t<\/div>\n\t\t\t\t<div class=\"elementor-element elementor-element-3ba96f6 elementor-widget elementor-widget-heading\" data-id=\"3ba96f6\" data-element_type=\"widget\" data-e-type=\"widget\" data-widget_type=\"heading.default\">\n\t\t\t\t<div class=\"elementor-widget-container\">\n\t\t\t\t\t<h2 class=\"elementor-heading-title elementor-size-default\">Ahorro en costos de maquetaci\u00f3n manual. \/ Ahorro en costos con maquetaci\u00f3n automatizada \/ Maquetaci\u00f3n automatizada o manual \/ Opcional maquetaci\u00f3n manual tradicional\u200b<\/h2>\t\t\t\t<\/div>\n\t\t\t\t<\/div>\n\t\t\t\t\t<\/div>\n\t\t\t\t<\/div>\n\t\t\t\t\t<\/div>\n\t\t\t\t<\/div>\n\t\t\t\t\t<\/div>\n\t\t\t\t<\/div>\n\t\t\t\t\t<\/div>\n\t\t\t\t<\/div>\n\t\t\t\t<\/div>\n\t\t","protected":false},"excerpt":{"rendered":"<p>PDF El formato digital portable por tradici\u00f3n \u200b En Cygnusmind hemos dise\u00f1ado una variedad de modelos de art\u00edculo cient\u00edfico en PDF que favorecen la lectura, accesibilidad y portabilidad de las publicaciones. Se trata de un PDF generado en forma automatizada a partir del XML. De esta manera se reducen los costos de maquetaci\u00f3n. Aunque tambi\u00e9n [&hellip;]<\/p>\n","protected":false},"author":1,"featured_media":0,"parent":0,"menu_order":0,"comment_status":"closed","ping_status":"closed","template":"","meta":{"ocean_post_layout":"","ocean_both_sidebars_style":"","ocean_both_sidebars_content_width":0,"ocean_both_sidebars_sidebars_width":0,"ocean_sidebar":"","ocean_second_sidebar":"","ocean_disable_margins":"enable","ocean_add_body_class":"","ocean_shortcode_before_top_bar":"","ocean_shortcode_after_top_bar":"","ocean_shortcode_before_header":"","ocean_shortcode_after_header":"","ocean_has_shortcode":"","ocean_shortcode_after_title":"","ocean_shortcode_before_footer_widgets":"","ocean_shortcode_after_footer_widgets":"","ocean_shortcode_before_footer_bottom":"","ocean_shortcode_after_footer_bottom":"","ocean_display_top_bar":"default","ocean_display_header":"default","ocean_header_style":"","ocean_center_header_left_menu":"","ocean_custom_header_template":"","ocean_custom_logo":0,"ocean_custom_retina_logo":0,"ocean_custom_logo_max_width":0,"ocean_custom_logo_tablet_max_width":0,"ocean_custom_logo_mobile_max_width":0,"ocean_custom_logo_max_height":0,"ocean_custom_logo_tablet_max_height":0,"ocean_custom_logo_mobile_max_height":0,"ocean_header_custom_menu":"","ocean_menu_typo_font_family":"","ocean_menu_typo_font_subset":"","ocean_menu_typo_font_size":0,"ocean_menu_typo_font_size_tablet":0,"ocean_menu_typo_font_size_mobile":0,"ocean_menu_typo_font_size_unit":"px","ocean_menu_typo_font_weight":"","ocean_menu_typo_font_weight_tablet":"","ocean_menu_typo_font_weight_mobile":"","ocean_menu_typo_transform":"","ocean_menu_typo_transform_tablet":"","ocean_menu_typo_transform_mobile":"","ocean_menu_typo_line_height":0,"ocean_menu_typo_line_height_tablet":0,"ocean_menu_typo_line_height_mobile":0,"ocean_menu_typo_line_height_unit":"","ocean_menu_typo_spacing":0,"ocean_menu_typo_spacing_tablet":0,"ocean_menu_typo_spacing_mobile":0,"ocean_menu_typo_spacing_unit":"","ocean_menu_link_color":"","ocean_menu_link_color_hover":"","ocean_menu_link_color_active":"","ocean_menu_link_background":"","ocean_menu_link_hover_background":"","ocean_menu_link_active_background":"","ocean_menu_social_links_bg":"","ocean_menu_social_hover_links_bg":"","ocean_menu_social_links_color":"","ocean_menu_social_hover_links_color":"","ocean_disable_title":"default","ocean_disable_heading":"default","ocean_post_title":"","ocean_post_subheading":"","ocean_post_title_style":"","ocean_post_title_background_color":"","ocean_post_title_background":0,"ocean_post_title_bg_image_position":"","ocean_post_title_bg_image_attachment":"","ocean_post_title_bg_image_repeat":"","ocean_post_title_bg_image_size":"","ocean_post_title_height":0,"ocean_post_title_bg_overlay":0.5,"ocean_post_title_bg_overlay_color":"","ocean_disable_breadcrumbs":"default","ocean_breadcrumbs_color":"","ocean_breadcrumbs_separator_color":"","ocean_breadcrumbs_links_color":"","ocean_breadcrumbs_links_hover_color":"","ocean_display_footer_widgets":"default","ocean_display_footer_bottom":"default","ocean_custom_footer_template":"","footnotes":""},"class_list":["post-265","page","type-page","status-publish","hentry","entry"],"_links":{"self":[{"href":"http:\/\/cygnusmind.com\/backup\/wp-json\/wp\/v2\/pages\/265","targetHints":{"allow":["GET"]}}],"collection":[{"href":"http:\/\/cygnusmind.com\/backup\/wp-json\/wp\/v2\/pages"}],"about":[{"href":"http:\/\/cygnusmind.com\/backup\/wp-json\/wp\/v2\/types\/page"}],"author":[{"embeddable":true,"href":"http:\/\/cygnusmind.com\/backup\/wp-json\/wp\/v2\/users\/1"}],"replies":[{"embeddable":true,"href":"http:\/\/cygnusmind.com\/backup\/wp-json\/wp\/v2\/comments?post=265"}],"version-history":[{"count":25,"href":"http:\/\/cygnusmind.com\/backup\/wp-json\/wp\/v2\/pages\/265\/revisions"}],"predecessor-version":[{"id":796,"href":"http:\/\/cygnusmind.com\/backup\/wp-json\/wp\/v2\/pages\/265\/revisions\/796"}],"wp:attachment":[{"href":"http:\/\/cygnusmind.com\/backup\/wp-json\/wp\/v2\/media?parent=265"}],"curies":[{"name":"wp","href":"https:\/\/api.w.org\/{rel}","templated":true}]}}