{"id":275,"date":"2024-02-11T21:14:46","date_gmt":"2024-02-11T21:14:46","guid":{"rendered":"http:\/\/cygnusmind.com\/backup\/?page_id=275"},"modified":"2024-04-14T16:39:31","modified_gmt":"2024-04-14T16:39:31","slug":"jats-xml-html","status":"publish","type":"page","link":"http:\/\/cygnusmind.com\/backup\/jats-xml-html\/","title":{"rendered":"JATS XML &#8211; HTML"},"content":{"rendered":"\t\t<div data-elementor-type=\"wp-page\" data-elementor-id=\"275\" class=\"elementor elementor-275\">\n\t\t\t\t<div class=\"elementor-element elementor-element-9ee5d9a e-flex e-con-boxed e-con e-parent\" data-id=\"9ee5d9a\" data-element_type=\"container\" data-e-type=\"container\" data-settings=\"{&quot;background_background&quot;:&quot;classic&quot;}\">\n\t\t\t\t\t<div class=\"e-con-inner\">\n\t\t\t\t<div class=\"elementor-element elementor-element-bbb4fa5 elementor-widget elementor-widget-image\" data-id=\"bbb4fa5\" data-element_type=\"widget\" data-e-type=\"widget\" data-widget_type=\"image.default\">\n\t\t\t\t<div class=\"elementor-widget-container\">\n\t\t\t\t\t\t\t\t\t\t\t\t\t\t\t<img decoding=\"async\" width=\"117\" height=\"181\" src=\"http:\/\/cygnusmind.com\/backup\/wp-content\/uploads\/2024\/02\/Cygnusmind-small24-2.png\" class=\"attachment-large size-large wp-image-346\" alt=\"\" \/>\t\t\t\t\t\t\t\t\t\t\t\t\t\t\t<\/div>\n\t\t\t\t<\/div>\n\t\t\t\t<div class=\"elementor-element elementor-element-78fe9b4 elementor-widget elementor-widget-heading\" data-id=\"78fe9b4\" data-element_type=\"widget\" data-e-type=\"widget\" data-widget_type=\"heading.default\">\n\t\t\t\t<div class=\"elementor-widget-container\">\n\t\t\t\t\t<h1 class=\"elementor-heading-title elementor-size-default\">HTML<\/h1>\t\t\t\t<\/div>\n\t\t\t\t<\/div>\n\t\t\t\t<div class=\"elementor-element elementor-element-13e5aac elementor-widget elementor-widget-heading\" data-id=\"13e5aac\" data-element_type=\"widget\" data-e-type=\"widget\" data-widget_type=\"heading.default\">\n\t\t\t\t<div class=\"elementor-widget-container\">\n\t\t\t\t\t<h5 class=\"elementor-heading-title elementor-size-default\">El formato m\u00e1s usado en sitios web, personalizable, garantiza accesibilidad, permite traducir el texto a cualquier idioma <\/h5>\t\t\t\t<\/div>\n\t\t\t\t<\/div>\n\t\t\t\t\t<\/div>\n\t\t\t\t<\/div>\n\t\t<div class=\"elementor-element elementor-element-9a140f3 e-flex e-con-boxed e-con e-parent\" data-id=\"9a140f3\" data-element_type=\"container\" data-e-type=\"container\">\n\t\t\t\t\t<div class=\"e-con-inner\">\n\t\t\t\t<div class=\"elementor-element elementor-element-d821190 elementor-widget elementor-widget-text-editor\" data-id=\"d821190\" data-element_type=\"widget\" data-e-type=\"widget\" data-widget_type=\"text-editor.default\">\n\t\t\t\t<div class=\"elementor-widget-container\">\n\t\t\t\t\t\t\t\t\t<p><span data-scheme-color=\"@000000,1,\" data-usefontface=\"true\" data-contrast=\"none\">En <\/span><span data-scheme-color=\"@000000,1,\" data-usefontface=\"true\" data-contrast=\"none\">Cygnusmind<\/span><span data-scheme-color=\"@000000,1,\" data-usefontface=\"true\" data-contrast=\"none\"> trabajamos con este formato de archivo m\u00e1s usado en la web, y le damos un toque de <\/span><span data-scheme-color=\"@000000,1,\" data-usefontface=\"true\" data-contrast=\"none\">personalizaci\u00f3n, pensado para lectura de art\u00edculos cient\u00edficos.\u00a0<\/span>\u200b<\/p><p><span data-scheme-color=\"@000000,1,\" data-usefontface=\"true\" data-contrast=\"none\">Dise\u00f1amos una estructura de contenidos para facilitar el descubrimiento por parte del lector y los principales <\/span><span data-scheme-color=\"@000000,1,\" data-usefontface=\"true\" data-contrast=\"none\">motores de b\u00fasqueda, en un archivo ligero de r\u00e1pido despliegue y compatible con todos los navegadores y <\/span><span data-scheme-color=\"@000000,1,\" data-usefontface=\"true\" data-contrast=\"none\">sistemas operativos.<\/span>\u200b<\/p>\t\t\t\t\t\t\t\t<\/div>\n\t\t\t\t<\/div>\n\t\t\t\t\t<\/div>\n\t\t\t\t<\/div>\n\t\t<div class=\"elementor-element elementor-element-bd38640 e-flex e-con-boxed elementor-invisible e-con e-parent\" data-id=\"bd38640\" data-element_type=\"container\" data-e-type=\"container\" data-settings=\"{&quot;background_background&quot;:&quot;classic&quot;,&quot;animation&quot;:&quot;fadeInUp&quot;}\">\n\t\t\t\t\t<div class=\"e-con-inner\">\n\t\t<div class=\"elementor-element elementor-element-3b65363 e-flex e-con-boxed e-con e-child\" data-id=\"3b65363\" data-element_type=\"container\" data-e-type=\"container\">\n\t\t\t\t\t<div class=\"e-con-inner\">\n\t\t<div class=\"elementor-element elementor-element-72ed1f6 e-flex e-con-boxed e-con e-child\" data-id=\"72ed1f6\" data-element_type=\"container\" data-e-type=\"container\">\n\t\t\t\t\t<div class=\"e-con-inner\">\n\t\t<div class=\"elementor-element elementor-element-58b572d e-flex e-con-boxed e-con e-child\" data-id=\"58b572d\" data-element_type=\"container\" data-e-type=\"container\">\n\t\t\t\t\t<div class=\"e-con-inner\">\n\t\t\t\t<div class=\"elementor-element elementor-element-a0ac25a elementor-widget elementor-widget-image\" data-id=\"a0ac25a\" data-element_type=\"widget\" data-e-type=\"widget\" data-widget_type=\"image.default\">\n\t\t\t\t<div class=\"elementor-widget-container\">\n\t\t\t\t\t\t\t\t\t\t\t\t\t\t\t<img decoding=\"async\" width=\"150\" height=\"150\" src=\"http:\/\/cygnusmind.com\/backup\/wp-content\/uploads\/2024\/02\/Cygnusmind-smallcygnusmind-icon-general-150x150.png\" class=\"attachment-thumbnail size-thumbnail wp-image-356\" alt=\"\" srcset=\"http:\/\/cygnusmind.com\/backup\/wp-content\/uploads\/2024\/02\/Cygnusmind-smallcygnusmind-icon-general-150x150.png 150w, http:\/\/cygnusmind.com\/backup\/wp-content\/uploads\/2024\/02\/Cygnusmind-smallcygnusmind-icon-general.png 172w\" sizes=\"(max-width: 150px) 100vw, 150px\" \/>\t\t\t\t\t\t\t\t\t\t\t\t\t\t\t<\/div>\n\t\t\t\t<\/div>\n\t\t\t\t<div class=\"elementor-element elementor-element-2a17aa4 elementor-widget elementor-widget-heading\" data-id=\"2a17aa4\" data-element_type=\"widget\" data-e-type=\"widget\" data-widget_type=\"heading.default\">\n\t\t\t\t<div class=\"elementor-widget-container\">\n\t\t\t\t\t<h2 class=\"elementor-heading-title elementor-size-default\">Se entregan los paquetes de archivo e im\u00e1genes necesarios para su despliegue en OJS.\u200b<\/h2>\t\t\t\t<\/div>\n\t\t\t\t<\/div>\n\t\t\t\t\t<\/div>\n\t\t\t\t<\/div>\n\t\t<div class=\"elementor-element elementor-element-839bc8a e-flex e-con-boxed e-con e-child\" data-id=\"839bc8a\" data-element_type=\"container\" data-e-type=\"container\">\n\t\t\t\t\t<div class=\"e-con-inner\">\n\t\t\t\t<div class=\"elementor-element elementor-element-c941198 elementor-widget elementor-widget-image\" data-id=\"c941198\" data-element_type=\"widget\" data-e-type=\"widget\" data-widget_type=\"image.default\">\n\t\t\t\t<div class=\"elementor-widget-container\">\n\t\t\t\t\t\t\t\t\t\t\t\t\t\t\t<img decoding=\"async\" width=\"150\" height=\"150\" src=\"http:\/\/cygnusmind.com\/backup\/wp-content\/uploads\/2024\/02\/Cygnusmind-smallcygnusmind-icon-general-150x150.png\" class=\"attachment-thumbnail size-thumbnail wp-image-356\" alt=\"\" srcset=\"http:\/\/cygnusmind.com\/backup\/wp-content\/uploads\/2024\/02\/Cygnusmind-smallcygnusmind-icon-general-150x150.png 150w, http:\/\/cygnusmind.com\/backup\/wp-content\/uploads\/2024\/02\/Cygnusmind-smallcygnusmind-icon-general.png 172w\" sizes=\"(max-width: 150px) 100vw, 150px\" \/>\t\t\t\t\t\t\t\t\t\t\t\t\t\t\t<\/div>\n\t\t\t\t<\/div>\n\t\t\t\t<div class=\"elementor-element elementor-element-4524df1 elementor-widget elementor-widget-heading\" data-id=\"4524df1\" data-element_type=\"widget\" data-e-type=\"widget\" data-widget_type=\"heading.default\">\n\t\t\t\t<div class=\"elementor-widget-container\">\n\t\t\t\t\t<h2 class=\"elementor-heading-title elementor-size-default\">Preparado para la inserci\u00f3n de contenido multimedia dentro de los art\u00edculos cient\u00edficos, como audio, video o animaci\u00f3n.\u200b<\/h2>\t\t\t\t<\/div>\n\t\t\t\t<\/div>\n\t\t\t\t\t<\/div>\n\t\t\t\t<\/div>\n\t\t<div class=\"elementor-element elementor-element-d354470 e-flex e-con-boxed e-con e-child\" data-id=\"d354470\" data-element_type=\"container\" data-e-type=\"container\">\n\t\t\t\t\t<div class=\"e-con-inner\">\n\t\t\t\t<div class=\"elementor-element elementor-element-a90f1b2 elementor-widget elementor-widget-image\" data-id=\"a90f1b2\" data-element_type=\"widget\" data-e-type=\"widget\" data-widget_type=\"image.default\">\n\t\t\t\t<div class=\"elementor-widget-container\">\n\t\t\t\t\t\t\t\t\t\t\t\t\t\t\t<img decoding=\"async\" width=\"150\" height=\"150\" src=\"http:\/\/cygnusmind.com\/backup\/wp-content\/uploads\/2024\/02\/Cygnusmind-smallcygnusmind-icon-general-150x150.png\" class=\"attachment-thumbnail size-thumbnail wp-image-356\" alt=\"\" srcset=\"http:\/\/cygnusmind.com\/backup\/wp-content\/uploads\/2024\/02\/Cygnusmind-smallcygnusmind-icon-general-150x150.png 150w, http:\/\/cygnusmind.com\/backup\/wp-content\/uploads\/2024\/02\/Cygnusmind-smallcygnusmind-icon-general.png 172w\" sizes=\"(max-width: 150px) 100vw, 150px\" \/>\t\t\t\t\t\t\t\t\t\t\t\t\t\t\t<\/div>\n\t\t\t\t<\/div>\n\t\t\t\t<div class=\"elementor-element elementor-element-a607d38 elementor-widget elementor-widget-heading\" data-id=\"a607d38\" data-element_type=\"widget\" data-e-type=\"widget\" data-widget_type=\"heading.default\">\n\t\t\t\t<div class=\"elementor-widget-container\">\n\t\t\t\t\t<h2 class=\"elementor-heading-title elementor-size-default\">Notaci\u00f3n sem\u00e1ntica interna para mejorar el posicionamiento en los principales motores de b\u00fasqueda.\u200b<\/h2>\t\t\t\t<\/div>\n\t\t\t\t<\/div>\n\t\t\t\t\t<\/div>\n\t\t\t\t<\/div>\n\t\t\t\t\t<\/div>\n\t\t\t\t<\/div>\n\t\t<div class=\"elementor-element elementor-element-b41386c e-flex e-con-boxed e-con e-child\" data-id=\"b41386c\" data-element_type=\"container\" data-e-type=\"container\">\n\t\t\t\t\t<div class=\"e-con-inner\">\n\t\t<div class=\"elementor-element elementor-element-33eb999 e-flex e-con-boxed e-con e-child\" data-id=\"33eb999\" data-element_type=\"container\" data-e-type=\"container\">\n\t\t\t\t\t<div class=\"e-con-inner\">\n\t\t\t\t<div class=\"elementor-element elementor-element-5990edf elementor-widget elementor-widget-image\" data-id=\"5990edf\" data-element_type=\"widget\" data-e-type=\"widget\" data-widget_type=\"image.default\">\n\t\t\t\t<div class=\"elementor-widget-container\">\n\t\t\t\t\t\t\t\t\t\t\t\t\t\t\t<img decoding=\"async\" width=\"150\" height=\"150\" src=\"http:\/\/cygnusmind.com\/backup\/wp-content\/uploads\/2024\/02\/Cygnusmind-smallcygnusmind-icon-general-150x150.png\" class=\"attachment-thumbnail size-thumbnail wp-image-356\" alt=\"\" srcset=\"http:\/\/cygnusmind.com\/backup\/wp-content\/uploads\/2024\/02\/Cygnusmind-smallcygnusmind-icon-general-150x150.png 150w, http:\/\/cygnusmind.com\/backup\/wp-content\/uploads\/2024\/02\/Cygnusmind-smallcygnusmind-icon-general.png 172w\" sizes=\"(max-width: 150px) 100vw, 150px\" \/>\t\t\t\t\t\t\t\t\t\t\t\t\t\t\t<\/div>\n\t\t\t\t<\/div>\n\t\t\t\t<div class=\"elementor-element elementor-element-a0ac805 elementor-widget elementor-widget-heading\" data-id=\"a0ac805\" data-element_type=\"widget\" data-e-type=\"widget\" data-widget_type=\"heading.default\">\n\t\t\t\t<div class=\"elementor-widget-container\">\n\t\t\t\t\t<h2 class=\"elementor-heading-title elementor-size-default\">Personalizado con los colores y logo de la revista cient\u00edfica.\u200b<\/h2>\t\t\t\t<\/div>\n\t\t\t\t<\/div>\n\t\t\t\t\t<\/div>\n\t\t\t\t<\/div>\n\t\t<div class=\"elementor-element elementor-element-0ab591f e-flex e-con-boxed e-con e-child\" data-id=\"0ab591f\" data-element_type=\"container\" data-e-type=\"container\">\n\t\t\t\t\t<div class=\"e-con-inner\">\n\t\t\t\t<div class=\"elementor-element elementor-element-c62fa44 elementor-widget elementor-widget-image\" data-id=\"c62fa44\" data-element_type=\"widget\" data-e-type=\"widget\" data-widget_type=\"image.default\">\n\t\t\t\t<div class=\"elementor-widget-container\">\n\t\t\t\t\t\t\t\t\t\t\t\t\t\t\t<img decoding=\"async\" width=\"150\" height=\"150\" src=\"http:\/\/cygnusmind.com\/backup\/wp-content\/uploads\/2024\/02\/Cygnusmind-smallcygnusmind-icon-general-150x150.png\" class=\"attachment-thumbnail size-thumbnail wp-image-356\" alt=\"\" srcset=\"http:\/\/cygnusmind.com\/backup\/wp-content\/uploads\/2024\/02\/Cygnusmind-smallcygnusmind-icon-general-150x150.png 150w, http:\/\/cygnusmind.com\/backup\/wp-content\/uploads\/2024\/02\/Cygnusmind-smallcygnusmind-icon-general.png 172w\" sizes=\"(max-width: 150px) 100vw, 150px\" \/>\t\t\t\t\t\t\t\t\t\t\t\t\t\t\t<\/div>\n\t\t\t\t<\/div>\n\t\t\t\t<div class=\"elementor-element elementor-element-991a0ed elementor-widget elementor-widget-heading\" data-id=\"991a0ed\" data-element_type=\"widget\" data-e-type=\"widget\" data-widget_type=\"heading.default\">\n\t\t\t\t<div class=\"elementor-widget-container\">\n\t\t\t\t\t<h2 class=\"elementor-heading-title elementor-size-default\">Tabla de contenidos incorporada.\u200b<\/h2>\t\t\t\t<\/div>\n\t\t\t\t<\/div>\n\t\t\t\t\t<\/div>\n\t\t\t\t<\/div>\n\t\t\t\t\t<\/div>\n\t\t\t\t<\/div>\n\t\t\t\t\t<\/div>\n\t\t\t\t<\/div>\n\t\t\t\t\t<\/div>\n\t\t\t\t<\/div>\n\t\t\t\t<\/div>\n\t\t","protected":false},"excerpt":{"rendered":"<p>HTML El formato m\u00e1s usado en sitios web, personalizable, garantiza accesibilidad, permite traducir el texto a cualquier idioma En Cygnusmind trabajamos con este formato de archivo m\u00e1s usado en la web, y le damos un toque de personalizaci\u00f3n, pensado para lectura de art\u00edculos cient\u00edficos.\u00a0\u200b Dise\u00f1amos una estructura de contenidos para facilitar el descubrimiento por parte [&hellip;]<\/p>\n","protected":false},"author":1,"featured_media":0,"parent":0,"menu_order":0,"comment_status":"closed","ping_status":"closed","template":"","meta":{"ocean_post_layout":"","ocean_both_sidebars_style":"","ocean_both_sidebars_content_width":0,"ocean_both_sidebars_sidebars_width":0,"ocean_sidebar":"","ocean_second_sidebar":"","ocean_disable_margins":"enable","ocean_add_body_class":"","ocean_shortcode_before_top_bar":"","ocean_shortcode_after_top_bar":"","ocean_shortcode_before_header":"","ocean_shortcode_after_header":"","ocean_has_shortcode":"","ocean_shortcode_after_title":"","ocean_shortcode_before_footer_widgets":"","ocean_shortcode_after_footer_widgets":"","ocean_shortcode_before_footer_bottom":"","ocean_shortcode_after_footer_bottom":"","ocean_display_top_bar":"default","ocean_display_header":"default","ocean_header_style":"","ocean_center_header_left_menu":"","ocean_custom_header_template":"","ocean_custom_logo":0,"ocean_custom_retina_logo":0,"ocean_custom_logo_max_width":0,"ocean_custom_logo_tablet_max_width":0,"ocean_custom_logo_mobile_max_width":0,"ocean_custom_logo_max_height":0,"ocean_custom_logo_tablet_max_height":0,"ocean_custom_logo_mobile_max_height":0,"ocean_header_custom_menu":"","ocean_menu_typo_font_family":"","ocean_menu_typo_font_subset":"","ocean_menu_typo_font_size":0,"ocean_menu_typo_font_size_tablet":0,"ocean_menu_typo_font_size_mobile":0,"ocean_menu_typo_font_size_unit":"px","ocean_menu_typo_font_weight":"","ocean_menu_typo_font_weight_tablet":"","ocean_menu_typo_font_weight_mobile":"","ocean_menu_typo_transform":"","ocean_menu_typo_transform_tablet":"","ocean_menu_typo_transform_mobile":"","ocean_menu_typo_line_height":0,"ocean_menu_typo_line_height_tablet":0,"ocean_menu_typo_line_height_mobile":0,"ocean_menu_typo_line_height_unit":"","ocean_menu_typo_spacing":0,"ocean_menu_typo_spacing_tablet":0,"ocean_menu_typo_spacing_mobile":0,"ocean_menu_typo_spacing_unit":"","ocean_menu_link_color":"","ocean_menu_link_color_hover":"","ocean_menu_link_color_active":"","ocean_menu_link_background":"","ocean_menu_link_hover_background":"","ocean_menu_link_active_background":"","ocean_menu_social_links_bg":"","ocean_menu_social_hover_links_bg":"","ocean_menu_social_links_color":"","ocean_menu_social_hover_links_color":"","ocean_disable_title":"default","ocean_disable_heading":"default","ocean_post_title":"","ocean_post_subheading":"","ocean_post_title_style":"","ocean_post_title_background_color":"","ocean_post_title_background":0,"ocean_post_title_bg_image_position":"","ocean_post_title_bg_image_attachment":"","ocean_post_title_bg_image_repeat":"","ocean_post_title_bg_image_size":"","ocean_post_title_height":0,"ocean_post_title_bg_overlay":0.5,"ocean_post_title_bg_overlay_color":"","ocean_disable_breadcrumbs":"default","ocean_breadcrumbs_color":"","ocean_breadcrumbs_separator_color":"","ocean_breadcrumbs_links_color":"","ocean_breadcrumbs_links_hover_color":"","ocean_display_footer_widgets":"default","ocean_display_footer_bottom":"default","ocean_custom_footer_template":"","footnotes":""},"class_list":["post-275","page","type-page","status-publish","hentry","entry"],"_links":{"self":[{"href":"http:\/\/cygnusmind.com\/backup\/wp-json\/wp\/v2\/pages\/275","targetHints":{"allow":["GET"]}}],"collection":[{"href":"http:\/\/cygnusmind.com\/backup\/wp-json\/wp\/v2\/pages"}],"about":[{"href":"http:\/\/cygnusmind.com\/backup\/wp-json\/wp\/v2\/types\/page"}],"author":[{"embeddable":true,"href":"http:\/\/cygnusmind.com\/backup\/wp-json\/wp\/v2\/users\/1"}],"replies":[{"embeddable":true,"href":"http:\/\/cygnusmind.com\/backup\/wp-json\/wp\/v2\/comments?post=275"}],"version-history":[{"count":22,"href":"http:\/\/cygnusmind.com\/backup\/wp-json\/wp\/v2\/pages\/275\/revisions"}],"predecessor-version":[{"id":925,"href":"http:\/\/cygnusmind.com\/backup\/wp-json\/wp\/v2\/pages\/275\/revisions\/925"}],"wp:attachment":[{"href":"http:\/\/cygnusmind.com\/backup\/wp-json\/wp\/v2\/media?parent=275"}],"curies":[{"name":"wp","href":"https:\/\/api.w.org\/{rel}","templated":true}]}}