{"id":280,"date":"2024-02-11T21:18:16","date_gmt":"2024-02-11T21:18:16","guid":{"rendered":"http:\/\/cygnusmind.com\/backup\/?page_id=280"},"modified":"2024-02-25T17:52:20","modified_gmt":"2024-02-25T17:52:20","slug":"jats-xml-epub","status":"publish","type":"page","link":"http:\/\/cygnusmind.com\/backup\/jats-xml-epub\/","title":{"rendered":"JATS XML &#8211; EPUB"},"content":{"rendered":"\t\t<div data-elementor-type=\"wp-page\" data-elementor-id=\"280\" class=\"elementor elementor-280\">\n\t\t\t\t<div class=\"elementor-element elementor-element-9b07e11 e-flex e-con-boxed e-con e-parent\" data-id=\"9b07e11\" data-element_type=\"container\" data-e-type=\"container\" data-settings=\"{&quot;background_background&quot;:&quot;classic&quot;}\">\n\t\t\t\t\t<div class=\"e-con-inner\">\n\t\t\t\t<div class=\"elementor-element elementor-element-06ccc41 elementor-widget elementor-widget-image\" data-id=\"06ccc41\" data-element_type=\"widget\" data-e-type=\"widget\" data-widget_type=\"image.default\">\n\t\t\t\t<div class=\"elementor-widget-container\">\n\t\t\t\t\t\t\t\t\t\t\t\t\t\t\t<img decoding=\"async\" width=\"117\" height=\"181\" src=\"http:\/\/cygnusmind.com\/backup\/wp-content\/uploads\/2024\/02\/Cygnusmind-small24-2.png\" class=\"attachment-large size-large wp-image-346\" alt=\"\" \/>\t\t\t\t\t\t\t\t\t\t\t\t\t\t\t<\/div>\n\t\t\t\t<\/div>\n\t\t\t\t<div class=\"elementor-element elementor-element-d80a7c9 elementor-widget elementor-widget-heading\" data-id=\"d80a7c9\" data-element_type=\"widget\" data-e-type=\"widget\" data-widget_type=\"heading.default\">\n\t\t\t\t<div class=\"elementor-widget-container\">\n\t\t\t\t\t<h1 class=\"elementor-heading-title elementor-size-default\">ePUB<\/h1>\t\t\t\t<\/div>\n\t\t\t\t<\/div>\n\t\t\t\t<div class=\"elementor-element elementor-element-6835193 elementor-widget elementor-widget-heading\" data-id=\"6835193\" data-element_type=\"widget\" data-e-type=\"widget\" data-widget_type=\"heading.default\">\n\t\t\t\t<div class=\"elementor-widget-container\">\n\t\t\t\t\t<h5 class=\"elementor-heading-title elementor-size-default\">El formato portable de la Revista Nativa Digital \u200b<\/h5>\t\t\t\t<\/div>\n\t\t\t\t<\/div>\n\t\t\t\t\t<\/div>\n\t\t\t\t<\/div>\n\t\t<div class=\"elementor-element elementor-element-ff031e3 e-flex e-con-boxed e-con e-parent\" data-id=\"ff031e3\" data-element_type=\"container\" data-e-type=\"container\">\n\t\t\t\t\t<div class=\"e-con-inner\">\n\t\t\t\t<div class=\"elementor-element elementor-element-f0ace3c elementor-widget elementor-widget-text-editor\" data-id=\"f0ace3c\" data-element_type=\"widget\" data-e-type=\"widget\" data-widget_type=\"text-editor.default\">\n\t\t\t\t<div class=\"elementor-widget-container\">\n\t\t\t\t\t\t\t\t\t<p><span data-scheme-color=\"@000000,,\" data-usefontface=\"true\" data-contrast=\"none\">ePUB<\/span><span data-scheme-color=\"@000000,,\" data-usefontface=\"true\" data-contrast=\"none\"> (acr\u00f3nimo de \u00ab<\/span><span data-scheme-color=\"@000000,,\" data-usefontface=\"true\" data-contrast=\"none\">electronic<\/span> <span data-scheme-color=\"@000000,,\" data-usefontface=\"true\" data-contrast=\"none\">publication<\/span><span data-scheme-color=\"@000000,,\" data-usefontface=\"true\" data-contrast=\"none\">\u00bb &#8211; publicaci\u00f3n electr\u00f3nica) es un formato <\/span><span data-scheme-color=\"@000000,,\" data-usefontface=\"true\" data-contrast=\"none\">redimensionable<\/span><span data-scheme-color=\"@000000,,\" data-usefontface=\"true\" data-contrast=\"none\"> de c\u00f3digo abierto; brinda <\/span><span data-scheme-color=\"@000000,,\" data-usefontface=\"true\" data-contrast=\"none\">portabilidad y ubicuidad para leer en dispositivos m\u00f3viles contenidos en l\u00ednea o previamente descargados.\u00a0<\/span>\u200b<\/p><p><span data-scheme-color=\"@000000,,\" data-usefontface=\"false\" data-contrast=\"none\">El formato de lectura de libro electr\u00f3nico por excelencia, convertido en est\u00e1ndar oficial desde 2007 por el International Digital <\/span><span data-scheme-color=\"@000000,,\" data-usefontface=\"false\" data-contrast=\"none\">Publishing <\/span><span data-scheme-color=\"@000000,,\" data-usefontface=\"false\" data-contrast=\"none\">Forum<\/span><span data-scheme-color=\"@000000,,\" data-usefontface=\"false\" data-contrast=\"none\"> (IDPF) y adoptado en 2013 como est\u00e1ndar de la Asociaci\u00f3n Internacional de Editores.<\/span>\u200b<\/p>\t\t\t\t\t\t\t\t<\/div>\n\t\t\t\t<\/div>\n\t\t\t\t\t<\/div>\n\t\t\t\t<\/div>\n\t\t<div class=\"elementor-element elementor-element-80c3f86 e-flex e-con-boxed elementor-invisible e-con e-parent\" data-id=\"80c3f86\" data-element_type=\"container\" data-e-type=\"container\" data-settings=\"{&quot;background_background&quot;:&quot;classic&quot;,&quot;animation&quot;:&quot;fadeInUp&quot;}\">\n\t\t\t\t\t<div class=\"e-con-inner\">\n\t\t<div class=\"elementor-element elementor-element-6500195 e-flex e-con-boxed e-con e-child\" data-id=\"6500195\" data-element_type=\"container\" data-e-type=\"container\">\n\t\t\t\t\t<div class=\"e-con-inner\">\n\t\t<div class=\"elementor-element elementor-element-5d2144c e-flex e-con-boxed e-con e-child\" data-id=\"5d2144c\" data-element_type=\"container\" data-e-type=\"container\">\n\t\t\t\t\t<div class=\"e-con-inner\">\n\t\t<div class=\"elementor-element elementor-element-e8a75f5 e-flex e-con-boxed e-con e-child\" data-id=\"e8a75f5\" data-element_type=\"container\" data-e-type=\"container\">\n\t\t\t\t\t<div class=\"e-con-inner\">\n\t\t\t\t<div class=\"elementor-element elementor-element-89ff02b elementor-widget elementor-widget-image\" data-id=\"89ff02b\" data-element_type=\"widget\" data-e-type=\"widget\" data-widget_type=\"image.default\">\n\t\t\t\t<div class=\"elementor-widget-container\">\n\t\t\t\t\t\t\t\t\t\t\t\t\t\t\t<img decoding=\"async\" width=\"150\" height=\"150\" src=\"http:\/\/cygnusmind.com\/backup\/wp-content\/uploads\/2024\/02\/Cygnusmind-smallcygnusmind-icon-general-150x150.png\" class=\"attachment-thumbnail size-thumbnail wp-image-356\" alt=\"\" srcset=\"http:\/\/cygnusmind.com\/backup\/wp-content\/uploads\/2024\/02\/Cygnusmind-smallcygnusmind-icon-general-150x150.png 150w, http:\/\/cygnusmind.com\/backup\/wp-content\/uploads\/2024\/02\/Cygnusmind-smallcygnusmind-icon-general.png 172w\" sizes=\"(max-width: 150px) 100vw, 150px\" \/>\t\t\t\t\t\t\t\t\t\t\t\t\t\t\t<\/div>\n\t\t\t\t<\/div>\n\t\t\t\t<div class=\"elementor-element elementor-element-780896f elementor-widget elementor-widget-heading\" data-id=\"780896f\" data-element_type=\"widget\" data-e-type=\"widget\" data-widget_type=\"heading.default\">\n\t\t\t\t<div class=\"elementor-widget-container\">\n\t\t\t\t\t<h2 class=\"elementor-heading-title elementor-size-default\">Se adapta a distintos tama\u00f1os, tipos de letra y pantalla.\u200b<\/h2>\t\t\t\t<\/div>\n\t\t\t\t<\/div>\n\t\t\t\t\t<\/div>\n\t\t\t\t<\/div>\n\t\t<div class=\"elementor-element elementor-element-c1e6451 e-flex e-con-boxed e-con e-child\" data-id=\"c1e6451\" data-element_type=\"container\" data-e-type=\"container\">\n\t\t\t\t\t<div class=\"e-con-inner\">\n\t\t\t\t<div class=\"elementor-element elementor-element-9974bcb elementor-widget elementor-widget-image\" data-id=\"9974bcb\" data-element_type=\"widget\" data-e-type=\"widget\" data-widget_type=\"image.default\">\n\t\t\t\t<div class=\"elementor-widget-container\">\n\t\t\t\t\t\t\t\t\t\t\t\t\t\t\t<img decoding=\"async\" width=\"150\" height=\"150\" src=\"http:\/\/cygnusmind.com\/backup\/wp-content\/uploads\/2024\/02\/Cygnusmind-smallcygnusmind-icon-general-150x150.png\" class=\"attachment-thumbnail size-thumbnail wp-image-356\" alt=\"\" srcset=\"http:\/\/cygnusmind.com\/backup\/wp-content\/uploads\/2024\/02\/Cygnusmind-smallcygnusmind-icon-general-150x150.png 150w, http:\/\/cygnusmind.com\/backup\/wp-content\/uploads\/2024\/02\/Cygnusmind-smallcygnusmind-icon-general.png 172w\" sizes=\"(max-width: 150px) 100vw, 150px\" \/>\t\t\t\t\t\t\t\t\t\t\t\t\t\t\t<\/div>\n\t\t\t\t<\/div>\n\t\t\t\t<div class=\"elementor-element elementor-element-02e83e0 elementor-widget elementor-widget-heading\" data-id=\"02e83e0\" data-element_type=\"widget\" data-e-type=\"widget\" data-widget_type=\"heading.default\">\n\t\t\t\t<div class=\"elementor-widget-container\">\n\t\t\t\t\t<h2 class=\"elementor-heading-title elementor-size-default\">Archivo con extensi\u00f3n .epub preparado para la inserci\u00f3n de contenido multimedia dentro de los art\u00edculos cient\u00edficos.\u200b<\/h2>\t\t\t\t<\/div>\n\t\t\t\t<\/div>\n\t\t\t\t\t<\/div>\n\t\t\t\t<\/div>\n\t\t<div class=\"elementor-element elementor-element-b8c394c e-flex e-con-boxed e-con e-child\" data-id=\"b8c394c\" data-element_type=\"container\" data-e-type=\"container\">\n\t\t\t\t\t<div class=\"e-con-inner\">\n\t\t\t\t<div class=\"elementor-element elementor-element-d71f329 elementor-widget elementor-widget-image\" data-id=\"d71f329\" data-element_type=\"widget\" data-e-type=\"widget\" data-widget_type=\"image.default\">\n\t\t\t\t<div class=\"elementor-widget-container\">\n\t\t\t\t\t\t\t\t\t\t\t\t\t\t\t<img decoding=\"async\" width=\"150\" height=\"150\" src=\"http:\/\/cygnusmind.com\/backup\/wp-content\/uploads\/2024\/02\/Cygnusmind-smallcygnusmind-icon-general-150x150.png\" class=\"attachment-thumbnail size-thumbnail wp-image-356\" alt=\"\" srcset=\"http:\/\/cygnusmind.com\/backup\/wp-content\/uploads\/2024\/02\/Cygnusmind-smallcygnusmind-icon-general-150x150.png 150w, http:\/\/cygnusmind.com\/backup\/wp-content\/uploads\/2024\/02\/Cygnusmind-smallcygnusmind-icon-general.png 172w\" sizes=\"(max-width: 150px) 100vw, 150px\" \/>\t\t\t\t\t\t\t\t\t\t\t\t\t\t\t<\/div>\n\t\t\t\t<\/div>\n\t\t\t\t<div class=\"elementor-element elementor-element-064d519 elementor-widget elementor-widget-heading\" data-id=\"064d519\" data-element_type=\"widget\" data-e-type=\"widget\" data-widget_type=\"heading.default\">\n\t\t\t\t<div class=\"elementor-widget-container\">\n\t\t\t\t\t<h2 class=\"elementor-heading-title elementor-size-default\">Archivos listos para lectores de libros electr\u00f3nicos con pantalla de tinta electr\u00f3nica (usualmente de escala de grises) o de retroiluminada como la de los tel\u00e9fonos inteligentes.\u200b<\/h2>\t\t\t\t<\/div>\n\t\t\t\t<\/div>\n\t\t\t\t\t<\/div>\n\t\t\t\t<\/div>\n\t\t\t\t\t<\/div>\n\t\t\t\t<\/div>\n\t\t<div class=\"elementor-element elementor-element-2f59a28 e-flex e-con-boxed e-con e-child\" data-id=\"2f59a28\" data-element_type=\"container\" data-e-type=\"container\">\n\t\t\t\t\t<div class=\"e-con-inner\">\n\t\t<div class=\"elementor-element elementor-element-e41dab5 e-flex e-con-boxed e-con e-child\" data-id=\"e41dab5\" data-element_type=\"container\" data-e-type=\"container\">\n\t\t\t\t\t<div class=\"e-con-inner\">\n\t\t\t\t<div class=\"elementor-element elementor-element-57263a2 elementor-widget elementor-widget-image\" data-id=\"57263a2\" data-element_type=\"widget\" data-e-type=\"widget\" data-widget_type=\"image.default\">\n\t\t\t\t<div class=\"elementor-widget-container\">\n\t\t\t\t\t\t\t\t\t\t\t\t\t\t\t<img decoding=\"async\" width=\"150\" height=\"150\" src=\"http:\/\/cygnusmind.com\/backup\/wp-content\/uploads\/2024\/02\/Cygnusmind-smallcygnusmind-icon-general-150x150.png\" class=\"attachment-thumbnail size-thumbnail wp-image-356\" alt=\"\" srcset=\"http:\/\/cygnusmind.com\/backup\/wp-content\/uploads\/2024\/02\/Cygnusmind-smallcygnusmind-icon-general-150x150.png 150w, http:\/\/cygnusmind.com\/backup\/wp-content\/uploads\/2024\/02\/Cygnusmind-smallcygnusmind-icon-general.png 172w\" sizes=\"(max-width: 150px) 100vw, 150px\" \/>\t\t\t\t\t\t\t\t\t\t\t\t\t\t\t<\/div>\n\t\t\t\t<\/div>\n\t\t\t\t<div class=\"elementor-element elementor-element-fa61c46 elementor-widget elementor-widget-heading\" data-id=\"fa61c46\" data-element_type=\"widget\" data-e-type=\"widget\" data-widget_type=\"heading.default\">\n\t\t\t\t<div class=\"elementor-widget-container\">\n\t\t\t\t\t<h2 class=\"elementor-heading-title elementor-size-default\">El usuario configura, a trav\u00e9s de un lector de ePUB, el ambiente de luz de d\u00eda o noche para disfrutar m\u00e1s la lectura. \u200b<\/h2>\t\t\t\t<\/div>\n\t\t\t\t<\/div>\n\t\t\t\t\t<\/div>\n\t\t\t\t<\/div>\n\t\t<div class=\"elementor-element elementor-element-3cbc59f e-flex e-con-boxed e-con e-child\" data-id=\"3cbc59f\" data-element_type=\"container\" data-e-type=\"container\">\n\t\t\t\t\t<div class=\"e-con-inner\">\n\t\t\t\t<div class=\"elementor-element elementor-element-2ae076a elementor-widget elementor-widget-image\" data-id=\"2ae076a\" data-element_type=\"widget\" data-e-type=\"widget\" data-widget_type=\"image.default\">\n\t\t\t\t<div class=\"elementor-widget-container\">\n\t\t\t\t\t\t\t\t\t\t\t\t\t\t\t<img decoding=\"async\" width=\"150\" height=\"150\" src=\"http:\/\/cygnusmind.com\/backup\/wp-content\/uploads\/2024\/02\/Cygnusmind-smallcygnusmind-icon-general-150x150.png\" class=\"attachment-thumbnail size-thumbnail wp-image-356\" alt=\"\" srcset=\"http:\/\/cygnusmind.com\/backup\/wp-content\/uploads\/2024\/02\/Cygnusmind-smallcygnusmind-icon-general-150x150.png 150w, http:\/\/cygnusmind.com\/backup\/wp-content\/uploads\/2024\/02\/Cygnusmind-smallcygnusmind-icon-general.png 172w\" sizes=\"(max-width: 150px) 100vw, 150px\" \/>\t\t\t\t\t\t\t\t\t\t\t\t\t\t\t<\/div>\n\t\t\t\t<\/div>\n\t\t\t\t<div class=\"elementor-element elementor-element-a136e7e elementor-widget elementor-widget-heading\" data-id=\"a136e7e\" data-element_type=\"widget\" data-e-type=\"widget\" data-widget_type=\"heading.default\">\n\t\t\t\t<div class=\"elementor-widget-container\">\n\t\t\t\t\t<h2 class=\"elementor-heading-title elementor-size-default\">Este formato facilita la conversi\u00f3n del texto a audio para usuarios con debilidad visual.\u200b<\/h2>\t\t\t\t<\/div>\n\t\t\t\t<\/div>\n\t\t\t\t\t<\/div>\n\t\t\t\t<\/div>\n\t\t<div class=\"elementor-element elementor-element-5b7dc4e e-flex e-con-boxed e-con e-child\" data-id=\"5b7dc4e\" data-element_type=\"container\" data-e-type=\"container\">\n\t\t\t\t\t<div class=\"e-con-inner\">\n\t\t\t\t<div class=\"elementor-element elementor-element-7516f84 elementor-widget elementor-widget-image\" data-id=\"7516f84\" data-element_type=\"widget\" data-e-type=\"widget\" data-widget_type=\"image.default\">\n\t\t\t\t<div class=\"elementor-widget-container\">\n\t\t\t\t\t\t\t\t\t\t\t\t\t\t\t<img decoding=\"async\" width=\"150\" height=\"150\" src=\"http:\/\/cygnusmind.com\/backup\/wp-content\/uploads\/2024\/02\/Cygnusmind-smallcygnusmind-icon-general-150x150.png\" class=\"attachment-thumbnail size-thumbnail wp-image-356\" alt=\"\" srcset=\"http:\/\/cygnusmind.com\/backup\/wp-content\/uploads\/2024\/02\/Cygnusmind-smallcygnusmind-icon-general-150x150.png 150w, http:\/\/cygnusmind.com\/backup\/wp-content\/uploads\/2024\/02\/Cygnusmind-smallcygnusmind-icon-general.png 172w\" sizes=\"(max-width: 150px) 100vw, 150px\" \/>\t\t\t\t\t\t\t\t\t\t\t\t\t\t\t<\/div>\n\t\t\t\t<\/div>\n\t\t\t\t<div class=\"elementor-element elementor-element-59c37e5 elementor-widget elementor-widget-heading\" data-id=\"59c37e5\" data-element_type=\"widget\" data-e-type=\"widget\" data-widget_type=\"heading.default\">\n\t\t\t\t<div class=\"elementor-widget-container\">\n\t\t\t\t\t<h2 class=\"elementor-heading-title elementor-size-default\">Convertible a otros formatos para lectura en dispositivos como Kindle.\u200b<\/h2>\t\t\t\t<\/div>\n\t\t\t\t<\/div>\n\t\t\t\t\t<\/div>\n\t\t\t\t<\/div>\n\t\t\t\t\t<\/div>\n\t\t\t\t<\/div>\n\t\t<div class=\"elementor-element elementor-element-f69e287 e-flex e-con-boxed e-con e-child\" data-id=\"f69e287\" data-element_type=\"container\" data-e-type=\"container\">\n\t\t\t\t\t<div class=\"e-con-inner\">\n\t\t<div class=\"elementor-element elementor-element-7a4088b e-flex e-con-boxed e-con e-child\" data-id=\"7a4088b\" data-element_type=\"container\" data-e-type=\"container\">\n\t\t\t\t\t<div class=\"e-con-inner\">\n\t\t\t\t<div class=\"elementor-element elementor-element-bfc32ae elementor-widget elementor-widget-image\" data-id=\"bfc32ae\" data-element_type=\"widget\" data-e-type=\"widget\" data-widget_type=\"image.default\">\n\t\t\t\t<div class=\"elementor-widget-container\">\n\t\t\t\t\t\t\t\t\t\t\t\t\t\t\t<img decoding=\"async\" width=\"150\" height=\"150\" src=\"http:\/\/cygnusmind.com\/backup\/wp-content\/uploads\/2024\/02\/Cygnusmind-smallcygnusmind-icon-general-150x150.png\" class=\"attachment-thumbnail size-thumbnail wp-image-356\" alt=\"\" srcset=\"http:\/\/cygnusmind.com\/backup\/wp-content\/uploads\/2024\/02\/Cygnusmind-smallcygnusmind-icon-general-150x150.png 150w, http:\/\/cygnusmind.com\/backup\/wp-content\/uploads\/2024\/02\/Cygnusmind-smallcygnusmind-icon-general.png 172w\" sizes=\"(max-width: 150px) 100vw, 150px\" \/>\t\t\t\t\t\t\t\t\t\t\t\t\t\t\t<\/div>\n\t\t\t\t<\/div>\n\t\t\t\t<div class=\"elementor-element elementor-element-5737608 elementor-widget elementor-widget-heading\" data-id=\"5737608\" data-element_type=\"widget\" data-e-type=\"widget\" data-widget_type=\"heading.default\">\n\t\t\t\t<div class=\"elementor-widget-container\">\n\t\t\t\t\t<h2 class=\"elementor-heading-title elementor-size-default\">Compatible para carga directa en OJS.\u200b<\/h2>\t\t\t\t<\/div>\n\t\t\t\t<\/div>\n\t\t\t\t\t<\/div>\n\t\t\t\t<\/div>\n\t\t\t\t\t<\/div>\n\t\t\t\t<\/div>\n\t\t\t\t\t<\/div>\n\t\t\t\t<\/div>\n\t\t\t\t\t<\/div>\n\t\t\t\t<\/div>\n\t\t\t\t<\/div>\n\t\t","protected":false},"excerpt":{"rendered":"<p>ePUB El formato portable de la Revista Nativa Digital \u200b ePUB (acr\u00f3nimo de \u00abelectronic publication\u00bb &#8211; publicaci\u00f3n electr\u00f3nica) es un formato redimensionable de c\u00f3digo abierto; brinda portabilidad y ubicuidad para leer en dispositivos m\u00f3viles contenidos en l\u00ednea o previamente descargados.\u00a0\u200b El formato de lectura de libro electr\u00f3nico por excelencia, convertido en est\u00e1ndar oficial desde 2007 [&hellip;]<\/p>\n","protected":false},"author":1,"featured_media":0,"parent":0,"menu_order":0,"comment_status":"closed","ping_status":"closed","template":"","meta":{"ocean_post_layout":"","ocean_both_sidebars_style":"","ocean_both_sidebars_content_width":0,"ocean_both_sidebars_sidebars_width":0,"ocean_sidebar":"","ocean_second_sidebar":"","ocean_disable_margins":"enable","ocean_add_body_class":"","ocean_shortcode_before_top_bar":"","ocean_shortcode_after_top_bar":"","ocean_shortcode_before_header":"","ocean_shortcode_after_header":"","ocean_has_shortcode":"","ocean_shortcode_after_title":"","ocean_shortcode_before_footer_widgets":"","ocean_shortcode_after_footer_widgets":"","ocean_shortcode_before_footer_bottom":"","ocean_shortcode_after_footer_bottom":"","ocean_display_top_bar":"default","ocean_display_header":"default","ocean_header_style":"","ocean_center_header_left_menu":"","ocean_custom_header_template":"","ocean_custom_logo":0,"ocean_custom_retina_logo":0,"ocean_custom_logo_max_width":0,"ocean_custom_logo_tablet_max_width":0,"ocean_custom_logo_mobile_max_width":0,"ocean_custom_logo_max_height":0,"ocean_custom_logo_tablet_max_height":0,"ocean_custom_logo_mobile_max_height":0,"ocean_header_custom_menu":"","ocean_menu_typo_font_family":"","ocean_menu_typo_font_subset":"","ocean_menu_typo_font_size":0,"ocean_menu_typo_font_size_tablet":0,"ocean_menu_typo_font_size_mobile":0,"ocean_menu_typo_font_size_unit":"px","ocean_menu_typo_font_weight":"","ocean_menu_typo_font_weight_tablet":"","ocean_menu_typo_font_weight_mobile":"","ocean_menu_typo_transform":"","ocean_menu_typo_transform_tablet":"","ocean_menu_typo_transform_mobile":"","ocean_menu_typo_line_height":0,"ocean_menu_typo_line_height_tablet":0,"ocean_menu_typo_line_height_mobile":0,"ocean_menu_typo_line_height_unit":"","ocean_menu_typo_spacing":0,"ocean_menu_typo_spacing_tablet":0,"ocean_menu_typo_spacing_mobile":0,"ocean_menu_typo_spacing_unit":"","ocean_menu_link_color":"","ocean_menu_link_color_hover":"","ocean_menu_link_color_active":"","ocean_menu_link_background":"","ocean_menu_link_hover_background":"","ocean_menu_link_active_background":"","ocean_menu_social_links_bg":"","ocean_menu_social_hover_links_bg":"","ocean_menu_social_links_color":"","ocean_menu_social_hover_links_color":"","ocean_disable_title":"default","ocean_disable_heading":"default","ocean_post_title":"","ocean_post_subheading":"","ocean_post_title_style":"","ocean_post_title_background_color":"","ocean_post_title_background":0,"ocean_post_title_bg_image_position":"","ocean_post_title_bg_image_attachment":"","ocean_post_title_bg_image_repeat":"","ocean_post_title_bg_image_size":"","ocean_post_title_height":0,"ocean_post_title_bg_overlay":0.5,"ocean_post_title_bg_overlay_color":"","ocean_disable_breadcrumbs":"default","ocean_breadcrumbs_color":"","ocean_breadcrumbs_separator_color":"","ocean_breadcrumbs_links_color":"","ocean_breadcrumbs_links_hover_color":"","ocean_display_footer_widgets":"default","ocean_display_footer_bottom":"default","ocean_custom_footer_template":"","footnotes":""},"class_list":["post-280","page","type-page","status-publish","hentry","entry"],"_links":{"self":[{"href":"http:\/\/cygnusmind.com\/backup\/wp-json\/wp\/v2\/pages\/280","targetHints":{"allow":["GET"]}}],"collection":[{"href":"http:\/\/cygnusmind.com\/backup\/wp-json\/wp\/v2\/pages"}],"about":[{"href":"http:\/\/cygnusmind.com\/backup\/wp-json\/wp\/v2\/types\/page"}],"author":[{"embeddable":true,"href":"http:\/\/cygnusmind.com\/backup\/wp-json\/wp\/v2\/users\/1"}],"replies":[{"embeddable":true,"href":"http:\/\/cygnusmind.com\/backup\/wp-json\/wp\/v2\/comments?post=280"}],"version-history":[{"count":13,"href":"http:\/\/cygnusmind.com\/backup\/wp-json\/wp\/v2\/pages\/280\/revisions"}],"predecessor-version":[{"id":642,"href":"http:\/\/cygnusmind.com\/backup\/wp-json\/wp\/v2\/pages\/280\/revisions\/642"}],"wp:attachment":[{"href":"http:\/\/cygnusmind.com\/backup\/wp-json\/wp\/v2\/media?parent=280"}],"curies":[{"name":"wp","href":"https:\/\/api.w.org\/{rel}","templated":true}]}}