{"id":282,"date":"2024-02-11T21:18:57","date_gmt":"2024-02-11T21:18:57","guid":{"rendered":"http:\/\/cygnusmind.com\/backup\/?page_id=282"},"modified":"2024-02-25T19:37:24","modified_gmt":"2024-02-25T19:37:24","slug":"jats-xml-lector-enriquecido-adaptativo","status":"publish","type":"page","link":"http:\/\/cygnusmind.com\/backup\/jats-xml-lector-enriquecido-adaptativo\/","title":{"rendered":"JATS XML -LECTOR ENRIQUECIDO ADAPTATIVO"},"content":{"rendered":"\t\t<div data-elementor-type=\"wp-page\" data-elementor-id=\"282\" class=\"elementor elementor-282\">\n\t\t\t\t<div class=\"elementor-element elementor-element-8410442 e-flex e-con-boxed e-con e-parent\" data-id=\"8410442\" data-element_type=\"container\" data-e-type=\"container\" data-settings=\"{&quot;background_background&quot;:&quot;classic&quot;}\">\n\t\t\t\t\t<div class=\"e-con-inner\">\n\t\t\t\t<div class=\"elementor-element elementor-element-cab2abb elementor-widget elementor-widget-image\" data-id=\"cab2abb\" data-element_type=\"widget\" data-e-type=\"widget\" data-widget_type=\"image.default\">\n\t\t\t\t<div class=\"elementor-widget-container\">\n\t\t\t\t\t\t\t\t\t\t\t\t\t\t\t<img decoding=\"async\" width=\"117\" height=\"181\" src=\"http:\/\/cygnusmind.com\/backup\/wp-content\/uploads\/2024\/02\/Cygnusmind-small24-2.png\" class=\"attachment-large size-large wp-image-346\" alt=\"\" \/>\t\t\t\t\t\t\t\t\t\t\t\t\t\t\t<\/div>\n\t\t\t\t<\/div>\n\t\t\t\t<div class=\"elementor-element elementor-element-de82f61 elementor-widget elementor-widget-heading\" data-id=\"de82f61\" data-element_type=\"widget\" data-e-type=\"widget\" data-widget_type=\"heading.default\">\n\t\t\t\t<div class=\"elementor-widget-container\">\n\t\t\t\t\t<h1 class=\"elementor-heading-title elementor-size-default\">Lector Enriquecido Adaptativo\u200b<\/h1>\t\t\t\t<\/div>\n\t\t\t\t<\/div>\n\t\t\t\t<div class=\"elementor-element elementor-element-595189d elementor-widget elementor-widget-heading\" data-id=\"595189d\" data-element_type=\"widget\" data-e-type=\"widget\" data-widget_type=\"heading.default\">\n\t\t\t\t<div class=\"elementor-widget-container\">\n\t\t\t\t\t<h5 class=\"elementor-heading-title elementor-size-default\">El formato que transforma tiempo y espacio, permite disfrutar y controlar la lectura\u200b<\/h5>\t\t\t\t<\/div>\n\t\t\t\t<\/div>\n\t\t\t\t\t<\/div>\n\t\t\t\t<\/div>\n\t\t<div class=\"elementor-element elementor-element-945ee80 e-flex e-con-boxed e-con e-parent\" data-id=\"945ee80\" data-element_type=\"container\" data-e-type=\"container\">\n\t\t\t\t\t<div class=\"e-con-inner\">\n\t\t\t\t<div class=\"elementor-element elementor-element-263ef26 elementor-widget elementor-widget-text-editor\" data-id=\"263ef26\" data-element_type=\"widget\" data-e-type=\"widget\" data-widget_type=\"text-editor.default\">\n\t\t\t\t<div class=\"elementor-widget-container\">\n\t\t\t\t\t\t\t\t\t<p><span data-scheme-color=\"@000000,1,\" data-usefontface=\"true\" data-contrast=\"none\">En <\/span><span data-scheme-color=\"@000000,1,\" data-usefontface=\"true\" data-contrast=\"none\">Cygnusmind<\/span><span data-scheme-color=\"@000000,1,\" data-usefontface=\"true\" data-contrast=\"none\"> hemos desarrollado este formato responsivo y adaptativo construido para leer desde el navegador <\/span><span data-scheme-color=\"@000000,1,\" data-usefontface=\"true\" data-contrast=\"none\">en cualquier dispositivo, reconfigurando el texto para adaptarse a diferentes ambientes y recursos.\u00a0<\/span>\u200b<\/p>\t\t\t\t\t\t\t\t<\/div>\n\t\t\t\t<\/div>\n\t\t\t\t\t<\/div>\n\t\t\t\t<\/div>\n\t\t<div class=\"elementor-element elementor-element-60f9a49 e-flex e-con-boxed elementor-invisible e-con e-parent\" data-id=\"60f9a49\" data-element_type=\"container\" data-e-type=\"container\" data-settings=\"{&quot;background_background&quot;:&quot;classic&quot;,&quot;animation&quot;:&quot;fadeInUp&quot;}\">\n\t\t\t\t\t<div class=\"e-con-inner\">\n\t\t<div class=\"elementor-element elementor-element-899d174 e-flex e-con-boxed e-con e-child\" data-id=\"899d174\" data-element_type=\"container\" data-e-type=\"container\">\n\t\t\t\t\t<div class=\"e-con-inner\">\n\t\t<div class=\"elementor-element elementor-element-64ce510 e-flex e-con-boxed e-con e-child\" data-id=\"64ce510\" data-element_type=\"container\" data-e-type=\"container\">\n\t\t\t\t\t<div class=\"e-con-inner\">\n\t\t<div class=\"elementor-element elementor-element-ed61570 e-flex e-con-boxed e-con e-child\" data-id=\"ed61570\" data-element_type=\"container\" data-e-type=\"container\">\n\t\t\t\t\t<div class=\"e-con-inner\">\n\t\t\t\t<div class=\"elementor-element elementor-element-672bd3e elementor-widget elementor-widget-image\" data-id=\"672bd3e\" data-element_type=\"widget\" data-e-type=\"widget\" data-widget_type=\"image.default\">\n\t\t\t\t<div class=\"elementor-widget-container\">\n\t\t\t\t\t\t\t\t\t\t\t\t\t\t\t<img decoding=\"async\" width=\"150\" height=\"150\" src=\"http:\/\/cygnusmind.com\/backup\/wp-content\/uploads\/2024\/02\/Cygnusmind-smallcygnusmind-icon-general-150x150.png\" class=\"attachment-thumbnail size-thumbnail wp-image-356\" alt=\"\" srcset=\"http:\/\/cygnusmind.com\/backup\/wp-content\/uploads\/2024\/02\/Cygnusmind-smallcygnusmind-icon-general-150x150.png 150w, http:\/\/cygnusmind.com\/backup\/wp-content\/uploads\/2024\/02\/Cygnusmind-smallcygnusmind-icon-general.png 172w\" sizes=\"(max-width: 150px) 100vw, 150px\" \/>\t\t\t\t\t\t\t\t\t\t\t\t\t\t\t<\/div>\n\t\t\t\t<\/div>\n\t\t\t\t<div class=\"elementor-element elementor-element-2791172 elementor-widget elementor-widget-heading\" data-id=\"2791172\" data-element_type=\"widget\" data-e-type=\"widget\" data-widget_type=\"heading.default\">\n\t\t\t\t<div class=\"elementor-widget-container\">\n\t\t\t\t\t<h2 class=\"elementor-heading-title elementor-size-default\">Se genera a partir del XML del art\u00edculo.\u200b<\/h2>\t\t\t\t<\/div>\n\t\t\t\t<\/div>\n\t\t\t\t\t<\/div>\n\t\t\t\t<\/div>\n\t\t<div class=\"elementor-element elementor-element-d243e7c e-flex e-con-boxed e-con e-child\" data-id=\"d243e7c\" data-element_type=\"container\" data-e-type=\"container\">\n\t\t\t\t\t<div class=\"e-con-inner\">\n\t\t\t\t<div class=\"elementor-element elementor-element-98f54f8 elementor-widget elementor-widget-image\" data-id=\"98f54f8\" data-element_type=\"widget\" data-e-type=\"widget\" data-widget_type=\"image.default\">\n\t\t\t\t<div class=\"elementor-widget-container\">\n\t\t\t\t\t\t\t\t\t\t\t\t\t\t\t<img decoding=\"async\" width=\"172\" height=\"173\" src=\"http:\/\/cygnusmind.com\/backup\/wp-content\/uploads\/2024\/02\/Cygnusmind-smallcygnusmind-icon-general.png\" class=\"attachment-large size-large wp-image-356\" alt=\"\" srcset=\"http:\/\/cygnusmind.com\/backup\/wp-content\/uploads\/2024\/02\/Cygnusmind-smallcygnusmind-icon-general.png 172w, http:\/\/cygnusmind.com\/backup\/wp-content\/uploads\/2024\/02\/Cygnusmind-smallcygnusmind-icon-general-150x150.png 150w\" sizes=\"(max-width: 172px) 100vw, 172px\" \/>\t\t\t\t\t\t\t\t\t\t\t\t\t\t\t<\/div>\n\t\t\t\t<\/div>\n\t\t\t\t<div class=\"elementor-element elementor-element-edf6ced elementor-widget elementor-widget-heading\" data-id=\"edf6ced\" data-element_type=\"widget\" data-e-type=\"widget\" data-widget_type=\"heading.default\">\n\t\t\t\t<div class=\"elementor-widget-container\">\n\t\t\t\t\t<h2 class=\"elementor-heading-title elementor-size-default\">Compatible para carga directa en OJS.\u200b<\/h2>\t\t\t\t<\/div>\n\t\t\t\t<\/div>\n\t\t\t\t\t<\/div>\n\t\t\t\t<\/div>\n\t\t<div class=\"elementor-element elementor-element-8fa1f3e e-flex e-con-boxed e-con e-child\" data-id=\"8fa1f3e\" data-element_type=\"container\" data-e-type=\"container\">\n\t\t\t\t\t<div class=\"e-con-inner\">\n\t\t\t\t<div class=\"elementor-element elementor-element-0d6a71f elementor-widget elementor-widget-image\" data-id=\"0d6a71f\" data-element_type=\"widget\" data-e-type=\"widget\" data-widget_type=\"image.default\">\n\t\t\t\t<div class=\"elementor-widget-container\">\n\t\t\t\t\t\t\t\t\t\t\t\t\t\t\t<img decoding=\"async\" width=\"172\" height=\"173\" src=\"http:\/\/cygnusmind.com\/backup\/wp-content\/uploads\/2024\/02\/Cygnusmind-smallcygnusmind-icon-general.png\" class=\"attachment-large size-large wp-image-356\" alt=\"\" srcset=\"http:\/\/cygnusmind.com\/backup\/wp-content\/uploads\/2024\/02\/Cygnusmind-smallcygnusmind-icon-general.png 172w, http:\/\/cygnusmind.com\/backup\/wp-content\/uploads\/2024\/02\/Cygnusmind-smallcygnusmind-icon-general-150x150.png 150w\" sizes=\"(max-width: 172px) 100vw, 172px\" \/>\t\t\t\t\t\t\t\t\t\t\t\t\t\t\t<\/div>\n\t\t\t\t<\/div>\n\t\t\t\t<div class=\"elementor-element elementor-element-896bff0 elementor-widget elementor-widget-heading\" data-id=\"896bff0\" data-element_type=\"widget\" data-e-type=\"widget\" data-widget_type=\"heading.default\">\n\t\t\t\t<div class=\"elementor-widget-container\">\n\t\t\t\t\t<h2 class=\"elementor-heading-title elementor-size-default\">Preparado para la inserci\u00f3n de contenido multimedia dentro de los art\u00edculos cient\u00edficos, como audio, video o animaci\u00f3n.\u200b<\/h2>\t\t\t\t<\/div>\n\t\t\t\t<\/div>\n\t\t\t\t\t<\/div>\n\t\t\t\t<\/div>\n\t\t<div class=\"elementor-element elementor-element-6813362 e-flex e-con-boxed e-con e-child\" data-id=\"6813362\" data-element_type=\"container\" data-e-type=\"container\">\n\t\t\t\t\t<div class=\"e-con-inner\">\n\t\t\t\t<div class=\"elementor-element elementor-element-fa5e7c8 elementor-widget elementor-widget-image\" data-id=\"fa5e7c8\" data-element_type=\"widget\" data-e-type=\"widget\" data-widget_type=\"image.default\">\n\t\t\t\t<div class=\"elementor-widget-container\">\n\t\t\t\t\t\t\t\t\t\t\t\t\t\t\t<img decoding=\"async\" width=\"172\" height=\"173\" src=\"http:\/\/cygnusmind.com\/backup\/wp-content\/uploads\/2024\/02\/Cygnusmind-smallcygnusmind-icon-general.png\" class=\"attachment-large size-large wp-image-356\" alt=\"\" srcset=\"http:\/\/cygnusmind.com\/backup\/wp-content\/uploads\/2024\/02\/Cygnusmind-smallcygnusmind-icon-general.png 172w, http:\/\/cygnusmind.com\/backup\/wp-content\/uploads\/2024\/02\/Cygnusmind-smallcygnusmind-icon-general-150x150.png 150w\" sizes=\"(max-width: 172px) 100vw, 172px\" \/>\t\t\t\t\t\t\t\t\t\t\t\t\t\t\t<\/div>\n\t\t\t\t<\/div>\n\t\t\t\t<div class=\"elementor-element elementor-element-8e3f6d1 elementor-widget elementor-widget-heading\" data-id=\"8e3f6d1\" data-element_type=\"widget\" data-e-type=\"widget\" data-widget_type=\"heading.default\">\n\t\t\t\t<div class=\"elementor-widget-container\">\n\t\t\t\t\t<h2 class=\"elementor-heading-title elementor-size-default\">Notaci\u00f3n sem\u00e1ntica interna para mejorar el posicionamiento en los principales motores de b\u00fasqueda.<\/h2>\t\t\t\t<\/div>\n\t\t\t\t<\/div>\n\t\t\t\t\t<\/div>\n\t\t\t\t<\/div>\n\t\t\t\t\t<\/div>\n\t\t\t\t<\/div>\n\t\t<div class=\"elementor-element elementor-element-5408390 e-flex e-con-boxed e-con e-child\" data-id=\"5408390\" data-element_type=\"container\" data-e-type=\"container\">\n\t\t\t\t\t<div class=\"e-con-inner\">\n\t\t\t\t<div class=\"elementor-element elementor-element-8a989ba elementor-widget elementor-widget-image\" data-id=\"8a989ba\" data-element_type=\"widget\" data-e-type=\"widget\" data-widget_type=\"image.default\">\n\t\t\t\t<div class=\"elementor-widget-container\">\n\t\t\t\t\t\t\t\t\t\t\t\t\t\t\t<img decoding=\"async\" width=\"172\" height=\"173\" src=\"http:\/\/cygnusmind.com\/backup\/wp-content\/uploads\/2024\/02\/Cygnusmind-smallcygnusmind-icon-general.png\" class=\"attachment-large size-large wp-image-356\" alt=\"\" srcset=\"http:\/\/cygnusmind.com\/backup\/wp-content\/uploads\/2024\/02\/Cygnusmind-smallcygnusmind-icon-general.png 172w, http:\/\/cygnusmind.com\/backup\/wp-content\/uploads\/2024\/02\/Cygnusmind-smallcygnusmind-icon-general-150x150.png 150w\" sizes=\"(max-width: 172px) 100vw, 172px\" \/>\t\t\t\t\t\t\t\t\t\t\t\t\t\t\t<\/div>\n\t\t\t\t<\/div>\n\t\t\t\t<div class=\"elementor-element elementor-element-5819ac1 elementor-widget elementor-widget-heading\" data-id=\"5819ac1\" data-element_type=\"widget\" data-e-type=\"widget\" data-widget_type=\"heading.default\">\n\t\t\t\t<div class=\"elementor-widget-container\">\n\t\t\t\t\t<h2 class=\"elementor-heading-title elementor-size-default\">Enriquece cada art\u00edculo cient\u00edfico con un motor de b\u00fasqueda, navegabilidad por secciones, herramienta para citar en diferentes estilos, texto adaptativo, tama\u00f1o de texto ajustable, carrusel de im\u00e1genes y cuadros para una vista ampliada, notas y referencias en pop up.\u200b<\/h2>\t\t\t\t<\/div>\n\t\t\t\t<\/div>\n\t\t\t\t\t<\/div>\n\t\t\t\t<\/div>\n\t\t\t\t\t<\/div>\n\t\t\t\t<\/div>\n\t\t\t\t\t<\/div>\n\t\t\t\t<\/div>\n\t\t\t\t<\/div>\n\t\t","protected":false},"excerpt":{"rendered":"<p>Lector Enriquecido Adaptativo\u200b El formato que transforma tiempo y espacio, permite disfrutar y controlar la lectura\u200b En Cygnusmind hemos desarrollado este formato responsivo y adaptativo construido para leer desde el navegador en cualquier dispositivo, reconfigurando el texto para adaptarse a diferentes ambientes y recursos.\u00a0\u200b Se genera a partir del XML del art\u00edculo.\u200b Compatible para carga [&hellip;]<\/p>\n","protected":false},"author":1,"featured_media":0,"parent":0,"menu_order":0,"comment_status":"closed","ping_status":"closed","template":"","meta":{"ocean_post_layout":"","ocean_both_sidebars_style":"","ocean_both_sidebars_content_width":0,"ocean_both_sidebars_sidebars_width":0,"ocean_sidebar":"","ocean_second_sidebar":"","ocean_disable_margins":"enable","ocean_add_body_class":"","ocean_shortcode_before_top_bar":"","ocean_shortcode_after_top_bar":"","ocean_shortcode_before_header":"","ocean_shortcode_after_header":"","ocean_has_shortcode":"","ocean_shortcode_after_title":"","ocean_shortcode_before_footer_widgets":"","ocean_shortcode_after_footer_widgets":"","ocean_shortcode_before_footer_bottom":"","ocean_shortcode_after_footer_bottom":"","ocean_display_top_bar":"default","ocean_display_header":"default","ocean_header_style":"","ocean_center_header_left_menu":"","ocean_custom_header_template":"","ocean_custom_logo":0,"ocean_custom_retina_logo":0,"ocean_custom_logo_max_width":0,"ocean_custom_logo_tablet_max_width":0,"ocean_custom_logo_mobile_max_width":0,"ocean_custom_logo_max_height":0,"ocean_custom_logo_tablet_max_height":0,"ocean_custom_logo_mobile_max_height":0,"ocean_header_custom_menu":"","ocean_menu_typo_font_family":"","ocean_menu_typo_font_subset":"","ocean_menu_typo_font_size":0,"ocean_menu_typo_font_size_tablet":0,"ocean_menu_typo_font_size_mobile":0,"ocean_menu_typo_font_size_unit":"px","ocean_menu_typo_font_weight":"","ocean_menu_typo_font_weight_tablet":"","ocean_menu_typo_font_weight_mobile":"","ocean_menu_typo_transform":"","ocean_menu_typo_transform_tablet":"","ocean_menu_typo_transform_mobile":"","ocean_menu_typo_line_height":0,"ocean_menu_typo_line_height_tablet":0,"ocean_menu_typo_line_height_mobile":0,"ocean_menu_typo_line_height_unit":"","ocean_menu_typo_spacing":0,"ocean_menu_typo_spacing_tablet":0,"ocean_menu_typo_spacing_mobile":0,"ocean_menu_typo_spacing_unit":"","ocean_menu_link_color":"","ocean_menu_link_color_hover":"","ocean_menu_link_color_active":"","ocean_menu_link_background":"","ocean_menu_link_hover_background":"","ocean_menu_link_active_background":"","ocean_menu_social_links_bg":"","ocean_menu_social_hover_links_bg":"","ocean_menu_social_links_color":"","ocean_menu_social_hover_links_color":"","ocean_disable_title":"default","ocean_disable_heading":"default","ocean_post_title":"","ocean_post_subheading":"","ocean_post_title_style":"","ocean_post_title_background_color":"","ocean_post_title_background":0,"ocean_post_title_bg_image_position":"","ocean_post_title_bg_image_attachment":"","ocean_post_title_bg_image_repeat":"","ocean_post_title_bg_image_size":"","ocean_post_title_height":0,"ocean_post_title_bg_overlay":0.5,"ocean_post_title_bg_overlay_color":"","ocean_disable_breadcrumbs":"default","ocean_breadcrumbs_color":"","ocean_breadcrumbs_separator_color":"","ocean_breadcrumbs_links_color":"","ocean_breadcrumbs_links_hover_color":"","ocean_display_footer_widgets":"default","ocean_display_footer_bottom":"default","ocean_custom_footer_template":"","footnotes":""},"class_list":["post-282","page","type-page","status-publish","hentry","entry"],"_links":{"self":[{"href":"http:\/\/cygnusmind.com\/backup\/wp-json\/wp\/v2\/pages\/282","targetHints":{"allow":["GET"]}}],"collection":[{"href":"http:\/\/cygnusmind.com\/backup\/wp-json\/wp\/v2\/pages"}],"about":[{"href":"http:\/\/cygnusmind.com\/backup\/wp-json\/wp\/v2\/types\/page"}],"author":[{"embeddable":true,"href":"http:\/\/cygnusmind.com\/backup\/wp-json\/wp\/v2\/users\/1"}],"replies":[{"embeddable":true,"href":"http:\/\/cygnusmind.com\/backup\/wp-json\/wp\/v2\/comments?post=282"}],"version-history":[{"count":31,"href":"http:\/\/cygnusmind.com\/backup\/wp-json\/wp\/v2\/pages\/282\/revisions"}],"predecessor-version":[{"id":697,"href":"http:\/\/cygnusmind.com\/backup\/wp-json\/wp\/v2\/pages\/282\/revisions\/697"}],"wp:attachment":[{"href":"http:\/\/cygnusmind.com\/backup\/wp-json\/wp\/v2\/media?parent=282"}],"curies":[{"name":"wp","href":"https:\/\/api.w.org\/{rel}","templated":true}]}}