{"id":831,"date":"2024-03-03T16:55:10","date_gmt":"2024-03-03T16:55:10","guid":{"rendered":"http:\/\/cygnusmind.com\/backup\/?page_id=831"},"modified":"2024-03-03T18:15:47","modified_gmt":"2024-03-03T18:15:47","slug":"mapa-de-sitio","status":"publish","type":"page","link":"http:\/\/cygnusmind.com\/backup\/mapa-de-sitio\/","title":{"rendered":"Mapa de sitio"},"content":{"rendered":"\t\t<div data-elementor-type=\"wp-page\" data-elementor-id=\"831\" class=\"elementor elementor-831\">\n\t\t\t\t<div class=\"elementor-element elementor-element-d145f26 e-flex e-con-boxed e-con e-parent\" data-id=\"d145f26\" data-element_type=\"container\" data-e-type=\"container\">\n\t\t\t\t\t<div class=\"e-con-inner\">\n\t\t\t\t<div class=\"elementor-element elementor-element-40df147 elementor-widget elementor-widget-text-editor\" data-id=\"40df147\" data-element_type=\"widget\" data-e-type=\"widget\" data-widget_type=\"text-editor.default\">\n\t\t\t\t<div class=\"elementor-widget-container\">\n\t\t\t\t\t\t\t\t\t<p><strong>Mapa de sitio<\/strong><\/p><ul><li><a href=\"http:\/\/cygnusmind.com\/backup\/\">Inicio<\/a><\/li><li><a href=\"http:\/\/cygnusmind.com\/backup\/quienes-somos\/\">Quienes somos<\/a><\/li><li><a href=\"http:\/\/cygnusmind.com\/backup\/edicion-jats-xml\/\">Edici\u00f3n JATS XML<\/a><ul><li><a href=\"http:\/\/cygnusmind.com\/backup\/jats-xml-pdf\/\">PDF<\/a><\/li><li><a href=\"http:\/\/cygnusmind.com\/backup\/jats-xml-html\/\">HTML<\/a><\/li><li><a href=\"http:\/\/cygnusmind.com\/backup\/jats-xml-epub\/\">EPUB<\/a><\/li><li><a href=\"http:\/\/cygnusmind.com\/backup\/jats-xml-lector-enriquecido-adaptativo\/\">Lector Enriquecido Adaptativo<\/a><\/li><\/ul><\/li><li><a href=\"http:\/\/cygnusmind.com\/backup\/open-journal-system\/\">Open Journal System<\/a><\/li><li><a href=\"http:\/\/cygnusmind.com\/backup\/consultoria\/\">Consultor\u00eda<\/a><ul><li>Informes estrat\u00e9gicos<\/li><li>Cienciometr\u00eda<\/li><li>Repositorios<\/li><\/ul><\/li><li><a href=\"http:\/\/cygnusmind.com\/backup\/ediciones-books2bits\/\">Edici\u00f3n Books2Bits<\/a><\/li><li>Contacto<\/li><\/ul>\t\t\t\t\t\t\t\t<\/div>\n\t\t\t\t<\/div>\n\t\t\t\t\t<\/div>\n\t\t\t\t<\/div>\n\t\t<div class=\"elementor-element elementor-element-fce6e40 e-flex e-con-boxed e-con e-parent\" data-id=\"fce6e40\" data-element_type=\"container\" data-e-type=\"container\">\n\t\t\t\t\t<div class=\"e-con-inner\">\n\t\t\t\t<div class=\"elementor-element elementor-element-200efb7 elementor-widget elementor-widget-text-editor\" data-id=\"200efb7\" data-element_type=\"widget\" data-e-type=\"widget\" data-widget_type=\"text-editor.default\">\n\t\t\t\t<div class=\"elementor-widget-container\">\n\t\t\t\t\t\t\t\t\t<p><strong>Cr\u00e9dito de im\u00e1genes<\/strong><\/p><p>Foto de <a href=\"https:\/\/unsplash.com\/es\/@domenicoloia?utm_content=creditCopyText&amp;utm_medium=referral&amp;utm_source=unsplash\">Domenico Loia<\/a> en <a href=\"https:\/\/unsplash.com\/es\/fotos\/imac-plateado-cerca-del-iphone-sobre-mesa-de-madera-marron-EhTcC9sYXsw?utm_content=creditCopyText&amp;utm_medium=referral&amp;utm_source=unsplash\">Unsplash<\/a><\/p><p>Foto de <a href=\"https:\/\/unsplash.com\/es\/@grovemade?utm_content=creditCopyText&amp;utm_medium=referral&amp;utm_source=unsplash\">Grovemade<\/a> en <a href=\"https:\/\/unsplash.com\/es\/fotos\/portatil-negro-y-plateado-sobre-bastidor-de-madera-marron-RvPDe41lYBA?utm_content=creditCopyText&amp;utm_medium=referral&amp;utm_source=unsplash\">Unsplash<\/a><\/p><p>Foto de <a href=\"https:\/\/unsplash.com\/es\/@austindistel?utm_content=creditCopyText&amp;utm_medium=referral&amp;utm_source=unsplash\">Austin Distel<\/a> en <a href=\"https:\/\/unsplash.com\/es\/fotos\/persona-que-usa-el-telefono-y-la-computadora-portatil-gUIJ0YszPig?utm_content=creditCopyText&amp;utm_medium=referral&amp;utm_source=unsplash\">Unsplash<\/a><\/p><p>Foto de <a href=\"https:\/\/unsplash.com\/es\/@sapegin?utm_content=creditCopyText&amp;utm_medium=referral&amp;utm_source=unsplash\">Artem Sapegin<\/a> en <a href=\"https:\/\/unsplash.com\/es\/fotos\/encendio-la-aplicacion-de-codificacion-de-visualizacion-de-macbook-air-b18TRXc8UPQ?utm_content=creditCopyText&amp;utm_medium=referral&amp;utm_source=unsplash\">Unsplash<\/a><\/p><p>Foto de <a href=\"https:\/\/unsplash.com\/es\/@andrewtneel?utm_content=creditCopyText&amp;utm_medium=referral&amp;utm_source=unsplash\">Andrew Neel<\/a> en <a href=\"https:\/\/unsplash.com\/es\/fotos\/chica-con-camisa-gris-de-manga-larga-usando-macbook-pro-sobre-mesa-de-madera-marron-ute2XAFQU2I?utm_content=creditCopyText&amp;utm_medium=referral&amp;utm_source=unsplash\">Unsplash<\/a><\/p><p>Foto de <a href=\"https:\/\/unsplash.com\/es\/@goran_ivos?utm_content=creditCopyText&amp;utm_medium=referral&amp;utm_source=unsplash\">Goran Ivos<\/a> en <a href=\"https:\/\/unsplash.com\/es\/fotos\/macbook-air-en-sillon-gris-iacpoKgpBAM?utm_content=creditCopyText&amp;utm_medium=referral&amp;utm_source=unsplash\">Unsplash<\/a><\/p><p>Foto de <a href=\"https:\/\/unsplash.com\/es\/@ilyapavlov?utm_content=creditCopyText&amp;utm_medium=referral&amp;utm_source=unsplash\">Ilya Pavlov<\/a> en <a href=\"https:\/\/unsplash.com\/es\/fotos\/monitor-que-muestra-la-programacion-java-OqtafYT5kTw?utm_content=creditCopyText&amp;utm_medium=referral&amp;utm_source=unsplash\">Unsplash<\/a><\/p><p>Foto de <a href=\"https:\/\/unsplash.com\/es\/@markusspiske?utm_content=creditCopyText&amp;utm_medium=referral&amp;utm_source=unsplash\">Markus Spiske<\/a> en <a href=\"https:\/\/unsplash.com\/es\/fotos\/software-colorido-o-codigo-web-en-un-monitor-de-computadora-Skf7HxARcoc?utm_content=creditCopyText&amp;utm_medium=referral&amp;utm_source=unsplash\">Unsplash<\/a><\/p><p>Foto de <a href=\"https:\/\/unsplash.com\/es\/@markusspiske?utm_content=creditCopyText&amp;utm_medium=referral&amp;utm_source=unsplash\">Markus Spiske<\/a> en <a href=\"https:\/\/unsplash.com\/es\/fotos\/fotografia-de-cambio-de-inclinacion-de-codigos-html-8OyKWQgBsKQ?utm_content=creditCopyText&amp;utm_medium=referral&amp;utm_source=unsplash\">Unsplash<\/a><\/p><p>Foto de <a href=\"https:\/\/unsplash.com\/es\/@ffstop?utm_content=creditCopyText&amp;utm_medium=referral&amp;utm_source=unsplash\">Fotis Fotopoulos<\/a> en <a href=\"https:\/\/unsplash.com\/es\/fotos\/mando-a-distancia-negro-sobre-mesa-roja-6sAl6aQ4OWI?utm_content=creditCopyText&amp;utm_medium=referral&amp;utm_source=unsplash\">Unsplash<\/a><\/p><p>Foto de <a href=\"https:\/\/unsplash.com\/es\/@sigmund?utm_content=creditCopyText&amp;utm_medium=referral&amp;utm_source=unsplash\">Sigmund<\/a> en <a href=\"https:\/\/unsplash.com\/es\/fotos\/smartphone-android-negro-en-macbook-pro-65u8D-iNh0M?utm_content=creditCopyText&amp;utm_medium=referral&amp;utm_source=unsplash\">Unsplash<\/a><\/p><p>Foto de <a href=\"https:\/\/unsplash.com\/es\/@sigmund?utm_content=creditCopyText&amp;utm_medium=referral&amp;utm_source=unsplash\">Sigmund<\/a> en <a href=\"https:\/\/unsplash.com\/es\/fotos\/telefono-inteligente-android-negro-junto-a-computadora-portatil-negra-xLZ9EP4hJtQ?utm_content=creditCopyText&amp;utm_medium=referral&amp;utm_source=unsplash\">Unsplash<\/a><\/p><p>Foto de <a href=\"https:\/\/unsplash.com\/es\/@kostyadyadyun?utm_content=creditCopyText&amp;utm_medium=referral&amp;utm_source=unsplash\">Konstantin Dyadyun<\/a> en <a href=\"https:\/\/unsplash.com\/es\/fotos\/telefono-inteligente-negro-en-la-pagina-del-libro-blanco-UF2-gL3q-38?utm_content=creditCopyText&amp;utm_medium=referral&amp;utm_source=unsplash\">Unsplash<\/a><\/p><p>Foto de <a href=\"https:\/\/unsplash.com\/es\/@pakata?utm_content=creditCopyText&amp;utm_medium=referral&amp;utm_source=unsplash\">Pakata Goh<\/a> en <a href=\"https:\/\/unsplash.com\/es\/fotos\/monitor-de-pantalla-plana-lg-negro-encendido-APqwhxH4TM4?utm_content=creditCopyText&amp;utm_medium=referral&amp;utm_source=unsplash\">Unsplash<\/a><\/p><p>Foto de <a href=\"https:\/\/unsplash.com\/es\/@clemhlrdt?utm_content=creditCopyText&amp;utm_medium=referral&amp;utm_source=unsplash\">Cl\u00e9ment H\u00e9lardot<\/a> en <a href=\"https:\/\/unsplash.com\/es\/fotos\/ordenador-portatil-negro-y-plateado-sobre-la-mesa-95YRwf6CNw8?utm_content=creditCopyText&amp;utm_medium=referral&amp;utm_source=unsplash\">Unsplash<\/a><\/p><p>Foto de <a href=\"https:\/\/unsplash.com\/es\/@alejandroescamilla?utm_content=creditCopyText&amp;utm_medium=referral&amp;utm_source=unsplash\">Alejandro Escamilla<\/a> en <a href=\"https:\/\/unsplash.com\/es\/fotos\/macbook-air-junto-al-iphone-4-negro-y-el-vaso-ABDTiLqDhJA?utm_content=creditCopyText&amp;utm_medium=referral&amp;utm_source=unsplash\">Unsplash<\/a><\/p><p>Foto de <a href=\"https:\/\/unsplash.com\/es\/@karishea?utm_content=creditCopyText&amp;utm_medium=referral&amp;utm_source=unsplash\">Kari Shea<\/a> en <a href=\"https:\/\/unsplash.com\/es\/fotos\/encendio-la-macbook-junto-al-iphone-5s-dorado-k09UjFzAFbE?utm_content=creditCopyText&amp;utm_medium=referral&amp;utm_source=unsplash\">Unsplash<\/a><\/p><p>Foto de <a href=\"https:\/\/unsplash.com\/es\/@goran_ivos?utm_content=creditCopyText&amp;utm_medium=referral&amp;utm_source=unsplash\">Goran Ivos<\/a> en <a href=\"https:\/\/unsplash.com\/es\/fotos\/encendio-la-macbook-air-en-el-escritorio-iOykDIkZLQw?utm_content=creditCopyText&amp;utm_medium=referral&amp;utm_source=unsplash\">Unsplash<\/a><\/p><p>Foto de <a href=\"https:\/\/unsplash.com\/es\/@a?utm_content=creditCopyText&amp;utm_medium=referral&amp;utm_source=unsplash\">Aleksi Tappura<\/a> en <a href=\"https:\/\/unsplash.com\/es\/fotos\/encendio-la-macbook-en-un-escritorio-de-madera-beige-mCg0ZgD7BgU?utm_content=creditCopyText&amp;utm_medium=referral&amp;utm_source=unsplash\">Unsplash<\/a><\/p><p>Foto de <a href=\"https:\/\/unsplash.com\/es\/@a?utm_content=creditCopyText&amp;utm_medium=referral&amp;utm_source=unsplash\">Aleksi Tappura<\/a> en <a href=\"https:\/\/unsplash.com\/es\/fotos\/foto-de-primer-plano-de-macbook-air-encendida-PjH_BkzjxTA?utm_content=creditCopyText&amp;utm_medium=referral&amp;utm_source=unsplash\">Unsplash<\/a><\/p><p>Foto de <a href=\"https:\/\/unsplash.com\/es\/@brucemars?utm_content=creditCopyText&amp;utm_medium=referral&amp;utm_source=unsplash\">bruce mars<\/a> en <a href=\"https:\/\/unsplash.com\/es\/fotos\/mujer-con-camisa-blanca-usando-telefono-inteligente-FWVMhUa_wbY?utm_content=creditCopyText&amp;utm_medium=referral&amp;utm_source=unsplash\">Unsplash<\/a><\/p><p>Foto de <a href=\"https:\/\/unsplash.com\/es\/@dadaben_?utm_content=creditCopyText&amp;utm_medium=referral&amp;utm_source=unsplash\">Benjamin Dada<\/a> en <a href=\"https:\/\/unsplash.com\/es\/fotos\/persona-escribiendo-en-una-computadora-portatil-hp-gris-y-negra-EDZTb2SQ6j0?utm_content=creditCopyText&amp;utm_medium=referral&amp;utm_source=unsplash\">Unsplash<\/a><\/p><p>Foto de <a href=\"https:\/\/unsplash.com\/es\/@oskaryil?utm_content=creditCopyText&amp;utm_medium=referral&amp;utm_source=unsplash\">Oskar Yildiz<\/a> en <a href=\"https:\/\/unsplash.com\/es\/fotos\/computadora-portatil-gris-encendida-cOkpTiJMGzA?utm_content=creditCopyText&amp;utm_medium=referral&amp;utm_source=unsplash\">Unsplash<\/a><\/p><p>Foto de <a href=\"https:\/\/unsplash.com\/es\/@alexacea?utm_content=creditCopyText&amp;utm_medium=referral&amp;utm_source=unsplash\">Alexandru Acea<\/a> en <a href=\"https:\/\/unsplash.com\/es\/fotos\/telefono-inteligente-en-la-computadora-portatil-en-la-parte-superior-del-escritorio-de-madera-marron-XEB8y0nRRP4?utm_content=creditCopyText&amp;utm_medium=referral&amp;utm_source=unsplash\">Unsplash<\/a><\/p><p>Foto de <a href=\"https:\/\/unsplash.com\/es\/@cgower?utm_content=creditCopyText&amp;utm_medium=referral&amp;utm_source=unsplash\">Christopher Gower<\/a> en <a href=\"https:\/\/unsplash.com\/es\/fotos\/un-macbook-con-lineas-de-codigo-en-su-pantalla-en-un-escritorio-ocupado-m_HRfLhgABo?utm_content=creditCopyText&amp;utm_medium=referral&amp;utm_source=unsplash\">Unsplash<\/a><\/p>\t\t\t\t\t\t\t\t<\/div>\n\t\t\t\t<\/div>\n\t\t\t\t\t<\/div>\n\t\t\t\t<\/div>\n\t\t\t\t<\/div>\n\t\t","protected":false},"excerpt":{"rendered":"<p>Mapa de sitio Inicio Quienes somos Edici\u00f3n JATS XML PDF HTML EPUB Lector Enriquecido Adaptativo Open Journal System Consultor\u00eda Informes estrat\u00e9gicos Cienciometr\u00eda Repositorios Edici\u00f3n Books2Bits Contacto Cr\u00e9dito de im\u00e1genes Foto de Domenico Loia en Unsplash Foto de Grovemade en Unsplash Foto de Austin Distel en Unsplash Foto de Artem Sapegin en Unsplash Foto de Andrew [&hellip;]<\/p>\n","protected":false},"author":1,"featured_media":0,"parent":0,"menu_order":0,"comment_status":"closed","ping_status":"closed","template":"","meta":{"ocean_post_layout":"","ocean_both_sidebars_style":"","ocean_both_sidebars_content_width":0,"ocean_both_sidebars_sidebars_width":0,"ocean_sidebar":"","ocean_second_sidebar":"","ocean_disable_margins":"enable","ocean_add_body_class":"","ocean_shortcode_before_top_bar":"","ocean_shortcode_after_top_bar":"","ocean_shortcode_before_header":"","ocean_shortcode_after_header":"","ocean_has_shortcode":"","ocean_shortcode_after_title":"","ocean_shortcode_before_footer_widgets":"","ocean_shortcode_after_footer_widgets":"","ocean_shortcode_before_footer_bottom":"","ocean_shortcode_after_footer_bottom":"","ocean_display_top_bar":"default","ocean_display_header":"default","ocean_header_style":"","ocean_center_header_left_menu":"","ocean_custom_header_template":"","ocean_custom_logo":0,"ocean_custom_retina_logo":0,"ocean_custom_logo_max_width":0,"ocean_custom_logo_tablet_max_width":0,"ocean_custom_logo_mobile_max_width":0,"ocean_custom_logo_max_height":0,"ocean_custom_logo_tablet_max_height":0,"ocean_custom_logo_mobile_max_height":0,"ocean_header_custom_menu":"","ocean_menu_typo_font_family":"","ocean_menu_typo_font_subset":"","ocean_menu_typo_font_size":0,"ocean_menu_typo_font_size_tablet":0,"ocean_menu_typo_font_size_mobile":0,"ocean_menu_typo_font_size_unit":"px","ocean_menu_typo_font_weight":"","ocean_menu_typo_font_weight_tablet":"","ocean_menu_typo_font_weight_mobile":"","ocean_menu_typo_transform":"","ocean_menu_typo_transform_tablet":"","ocean_menu_typo_transform_mobile":"","ocean_menu_typo_line_height":0,"ocean_menu_typo_line_height_tablet":0,"ocean_menu_typo_line_height_mobile":0,"ocean_menu_typo_line_height_unit":"","ocean_menu_typo_spacing":0,"ocean_menu_typo_spacing_tablet":0,"ocean_menu_typo_spacing_mobile":0,"ocean_menu_typo_spacing_unit":"","ocean_menu_link_color":"","ocean_menu_link_color_hover":"","ocean_menu_link_color_active":"","ocean_menu_link_background":"","ocean_menu_link_hover_background":"","ocean_menu_link_active_background":"","ocean_menu_social_links_bg":"","ocean_menu_social_hover_links_bg":"","ocean_menu_social_links_color":"","ocean_menu_social_hover_links_color":"","ocean_disable_title":"default","ocean_disable_heading":"default","ocean_post_title":"","ocean_post_subheading":"","ocean_post_title_style":"","ocean_post_title_background_color":"","ocean_post_title_background":0,"ocean_post_title_bg_image_position":"","ocean_post_title_bg_image_attachment":"","ocean_post_title_bg_image_repeat":"","ocean_post_title_bg_image_size":"","ocean_post_title_height":0,"ocean_post_title_bg_overlay":0.5,"ocean_post_title_bg_overlay_color":"","ocean_disable_breadcrumbs":"default","ocean_breadcrumbs_color":"","ocean_breadcrumbs_separator_color":"","ocean_breadcrumbs_links_color":"","ocean_breadcrumbs_links_hover_color":"","ocean_display_footer_widgets":"default","ocean_display_footer_bottom":"default","ocean_custom_footer_template":"","footnotes":""},"class_list":["post-831","page","type-page","status-publish","hentry","entry"],"_links":{"self":[{"href":"http:\/\/cygnusmind.com\/backup\/wp-json\/wp\/v2\/pages\/831","targetHints":{"allow":["GET"]}}],"collection":[{"href":"http:\/\/cygnusmind.com\/backup\/wp-json\/wp\/v2\/pages"}],"about":[{"href":"http:\/\/cygnusmind.com\/backup\/wp-json\/wp\/v2\/types\/page"}],"author":[{"embeddable":true,"href":"http:\/\/cygnusmind.com\/backup\/wp-json\/wp\/v2\/users\/1"}],"replies":[{"embeddable":true,"href":"http:\/\/cygnusmind.com\/backup\/wp-json\/wp\/v2\/comments?post=831"}],"version-history":[{"count":13,"href":"http:\/\/cygnusmind.com\/backup\/wp-json\/wp\/v2\/pages\/831\/revisions"}],"predecessor-version":[{"id":844,"href":"http:\/\/cygnusmind.com\/backup\/wp-json\/wp\/v2\/pages\/831\/revisions\/844"}],"wp:attachment":[{"href":"http:\/\/cygnusmind.com\/backup\/wp-json\/wp\/v2\/media?parent=831"}],"curies":[{"name":"wp","href":"https:\/\/api.w.org\/{rel}","templated":true}]}}